{"id":81,"date":"2023-03-22T18:32:39","date_gmt":"2023-03-22T18:32:39","guid":{"rendered":"https:\/\/semanasantadeleon.com\/Nuevo\/semanasanta\/?page_id=81"},"modified":"2023-03-31T16:59:56","modified_gmt":"2023-03-31T16:59:56","slug":"tradiciones","status":"publish","type":"page","link":"https:\/\/semanasantadeleon.com\/Nuevo\/semanasanta\/tradiciones\/","title":{"rendered":"Tradiciones"},"content":{"rendered":"<div data-colibri-id=\"81-c1\" class=\"style-721 style-local-81-c1 position-relative\">\n  <!---->\n  <div data-colibri-component=\"section\" data-colibri-id=\"81-c2\" id=\"custom\" class=\"h-section h-section-global-spacing d-flex align-items-lg-center align-items-md-center align-items-center style-722 style-local-81-c2 position-relative\">\n    <!---->\n    <!---->\n    <div class=\"h-section-grid-container h-section-boxed-container\">\n      <!---->\n      <div data-colibri-id=\"81-c8\" class=\"h-row-container gutters-row-lg-2 gutters-row-md-2 gutters-row-0 gutters-row-v-lg-2 gutters-row-v-md-2 gutters-row-v-2 style-728 style-local-81-c8 position-relative\">\n        <!---->\n        <div class=\"h-row justify-content-lg-center justify-content-md-center justify-content-center align-items-lg-stretch align-items-md-stretch align-items-stretch gutters-col-lg-2 gutters-col-md-2 gutters-col-0 gutters-col-v-lg-2 gutters-col-v-md-2 gutters-col-v-2\">\n          <!---->\n          <div class=\"h-column h-column-container d-flex h-col-lg-auto h-col-md-auto h-col-auto style-729-outer style-local-81-c9-outer\">\n            <div data-colibri-id=\"81-c9\" class=\"d-flex h-flex-basis h-column__inner h-px-lg-2 h-px-md-2 h-px-2 v-inner-lg-2 v-inner-md-2 v-inner-2 style-729 style-local-81-c9 position-relative\">\n              <!---->\n              <!---->\n              <div class=\"w-100 h-y-container h-column__content h-column__v-align flex-basis-100 align-self-lg-start align-self-md-start align-self-start\">\n                <!---->\n                <div data-colibri-id=\"81-c10\" class=\"h-text h-text-component style-727 style-local-81-c10 position-relative h-element\">\n                  <!---->\n                  <!---->\n                  <div class=\"\">\n                    <p>Durante la celebraci\u00f3n de la Semana Santa en Le\u00f3n hay ciertas tradiciones que marcan la diferencia en relaci\u00f3n a otras provincias.<\/p>\n                    <p><strong>Limonada:&nbsp;<\/strong><\/p>\n                    <p>El tomar limonadas (o matar jud\u00edos) es una de las tradiciones leonesas de Semana Santa.\n                      <br>No se sabe el origen exacto de esta costumbre aunque hay varias teor\u00edas. Una de ellas ser\u00eda por venganza por la muerte de Jesucristo, de tal forma que cada limonada que se toma es equivalente a matar a un jud\u00edo. Otra teor\u00eda dice\n                      que hacia el a\u00f1o 1320 empiezan a extenderse por los reinos hispanos que los jud\u00edos envenenaban el agua y profanaban hostias, imputaciones que empiezan a tomar cierta relevancia durante los a\u00f1os de la peste negra que asola Europa\n                      entre 1328 y 1350. Estos comentarios empiezan a fragmentar una ya inestable convivencia entre jud\u00edos y cristianos, donde se suceden ataques populares contra las juder\u00edas (en Le\u00f3n, Puente Castro y el barrio de Santa Ana).<\/p>\n                    <p>El d\u00eda de Viernes Santo, cuando se conmemora la muerte de Cristo, los cristianos apuntaban a los jud\u00edos como culpables directos de la muerte del Se\u00f1or e iniciaban su propia venganza armados con palos, guada\u00f1as, hoces y espadas. La\n                      preocupaci\u00f3n de la iglesia ante estos actos violentos desencaden\u00f3 la puesta en marcha de esta costumbre y decidi\u00f3 que durante esos d\u00edas se permitiera el consumo de una bebida que, si bien realizada a base de vino, se rebajara con\n                      la adici\u00f3n de agua, frutas y az\u00facar: la limonada. Con ello se pretend\u00eda que, en el trayecto desde la ciudad al barrio de Santa Ana, las hordas de cristianos fueran de \u201cparroquia\u201d en \u201cparroquia\u201d, y en cada parada, un lingotazo, hasta\n                      emborracharse y ahogar su ira.\n                      <br>Es frecuente tomar la limonada unos d\u00edas antes de Semana Santa y otros despu\u00e9s.<\/p>\n                    <p>&nbsp;<\/p>\n                    <p><strong>Chapas<\/strong>\n                      <br>En Semana Santa y durante tan solo tres d\u00edas est\u00e1 permitido jugar (previa solicitud de la autorizaci\u00f3n) a jugar a las chapas.<\/p>\n                    <p>Se juega en un corro con dos monedas en las que por un lado hay caras y por el otro cruces. Normalmente una persona es la que lanza las monedas y apuesta contra las dem\u00e1s del corro a caras o a cruces. Lanzar\u00e1 las monedas hasta que\n                      salgan las dos en la misma posici\u00f3n.<\/p>\n                    <p>\n                      <br>\n                    <\/p>\n                  <\/div>\n                <\/div>\n              <\/div>\n            <\/div>\n          <\/div>\n        <\/div>\n      <\/div>\n    <\/div>\n  <\/div>\n<\/div>","protected":false},"excerpt":{"rendered":"<p>Durante la celebraci\u00f3n de la Semana Santa en Le\u00f3n hay ciertas tradiciones que marcan la diferencia en relaci\u00f3n a otras provincias. Limonada:&nbsp; El tomar limonadas (o matar jud\u00edos) es una de las tradiciones leonesas de Semana Santa. No se sabe el origen exacto de esta costumbre aunque hay varias teor\u00edas. Una de ellas ser\u00eda por [&hellip;]<\/p>\n","protected":false},"author":1,"featured_media":0,"parent":0,"menu_order":0,"comment_status":"closed","ping_status":"closed","template":"page-templates\/full-width-page.php","meta":{"footnotes":""},"class_list":["post-81","page","type-page","status-publish","hentry"],"_links":{"self":[{"href":"https:\/\/semanasantadeleon.com\/Nuevo\/semanasanta\/wp-json\/wp\/v2\/pages\/81","targetHints":{"allow":["GET"]}}],"collection":[{"href":"https:\/\/semanasantadeleon.com\/Nuevo\/semanasanta\/wp-json\/wp\/v2\/pages"}],"about":[{"href":"https:\/\/semanasantadeleon.com\/Nuevo\/semanasanta\/wp-json\/wp\/v2\/types\/page"}],"author":[{"embeddable":true,"href":"https:\/\/semanasantadeleon.com\/Nuevo\/semanasanta\/wp-json\/wp\/v2\/users\/1"}],"replies":[{"embeddable":true,"href":"https:\/\/semanasantadeleon.com\/Nuevo\/semanasanta\/wp-json\/wp\/v2\/comments?post=81"}],"version-history":[{"count":4,"href":"https:\/\/semanasantadeleon.com\/Nuevo\/semanasanta\/wp-json\/wp\/v2\/pages\/81\/revisions"}],"predecessor-version":[{"id":731,"href":"https:\/\/semanasantadeleon.com\/Nuevo\/semanasanta\/wp-json\/wp\/v2\/pages\/81\/revisions\/731"}],"wp:attachment":[{"href":"https:\/\/semanasantadeleon.com\/Nuevo\/semanasanta\/wp-json\/wp\/v2\/media?parent=81"}],"curies":[{"name":"wp","href":"https:\/\/api.w.org\/{rel}","templated":true}]}}