{"id":555,"date":"2023-03-25T14:56:23","date_gmt":"2023-03-25T14:56:23","guid":{"rendered":"https:\/\/semanasantadeleon.com\/Nuevo\/semanasanta\/?page_id=555"},"modified":"2024-03-09T15:27:43","modified_gmt":"2024-03-09T15:27:43","slug":"cofradia-de-las-siete-palabras-de-jesus-en-la-cruz","status":"publish","type":"page","link":"https:\/\/semanasantadeleon.com\/Nuevo\/semanasanta\/cofradia-de-las-siete-palabras-de-jesus-en-la-cruz\/","title":{"rendered":"Cofrad\u00eda de las Siete Palabras de Jes\u00fas en la Cruz"},"content":{"rendered":"\n<div style=\"height:100px\" aria-hidden=\"true\" class=\"wp-block-spacer\"><\/div>\n\n\n<div class=\"wp-block-image\">\n<figure class=\"aligncenter size-full\"><img loading=\"lazy\" decoding=\"async\" width=\"650\" height=\"900\" src=\"https:\/\/semanasantadeleon.com\/Nuevo\/semanasanta\/wp-content\/uploads\/2024\/02\/Siete-Palabras-de-Jesus-en-la-Cruz.webp\" alt=\"\" class=\"wp-image-1971\" srcset=\"https:\/\/semanasantadeleon.com\/Nuevo\/semanasanta\/wp-content\/uploads\/2024\/02\/Siete-Palabras-de-Jesus-en-la-Cruz.webp 650w, https:\/\/semanasantadeleon.com\/Nuevo\/semanasanta\/wp-content\/uploads\/2024\/02\/Siete-Palabras-de-Jesus-en-la-Cruz-217x300.webp 217w\" sizes=\"auto, (max-width: 650px) 100vw, 650px\" \/><\/figure>\n<\/div>\n\n\n<div style=\"height:100px\" aria-hidden=\"true\" class=\"wp-block-spacer\"><\/div>\n\n\n\n<figure class=\"wp-block-table\"><table><tbody><tr><td><strong>Insignia-Escudo<\/strong><\/td><td>                               <img loading=\"lazy\" decoding=\"async\" width=\"100\" height=\"100\" class=\"wp-image-556\" style=\"width: 100px;\" src=\"https:\/\/semanasantadeleon.com\/Nuevo\/semanasanta\/wp-content\/uploads\/2023\/03\/siete.png\" alt=\"\">                             <\/td><\/tr><tr><td><strong>A\u00f1o de fundaci\u00f3n<\/strong><\/td><td>1962<\/td><\/tr><tr><td><strong>Templo<\/strong><\/td><td>Parroquia de San Marcelo<\/td><\/tr><tr><td><strong>N\u00ba Hermanos<\/strong><\/td><td>1350<\/td><\/tr><tr><td><strong>H\u00e1bito<\/strong><\/td><td>T\u00fanica lisa de terciopelo rojo sangre y anchas bocamangas de estilo monacal, capirote alto de lanilla blanca, capa de raso negro con vistas del mismo tejido pero en color blanco y c\u00edngulo negro doble con dos grandes borlas ca\u00eddas al lado izquierdo. Completan el h\u00e1bito: guantes y calcetines blancos, zapato bajo negro y pantal\u00f3n oscuro, preferentemente negro. Se recomienda el uso, adem\u00e1s, de camisa blanca, corbata negra y medalla (en aquellos actos a los que se acuda sin capillo).<\/td><\/tr><tr><td><strong>Emblema<\/strong><\/td><td>Emblema formado por las Tres Cruces del Calvario, situada la de Nuestro&nbsp;Se\u00f1or por encima de las otras dos, al pie de las cuales se hallaran la Corona de&nbsp;Espinas y los Tres Clavos de su Pasi\u00f3n, rodeado el conjunto por un ribete oval, se&nbsp;colocara sobre la capa, en el costado derecho, bordado en hilo dorado sobre fondo&nbsp;negro. Tendr\u00e1 dos aros el de los miembros de la Junta de Seises y tres el del Abad.&nbsp;Los ex-Abades podr\u00e1n mantener el escudo de tres aros de forma vitalicia.<\/td><\/tr><tr><td><strong>Procesiones<\/strong><\/td><td>Via Crucis (madrugada del mi\u00e9rcoles santo al jueves santo).<br>Preg\u00f3n a caballo (jueves santo).<br>Serm\u00f3n y Procesi\u00f3n de las Siete Palabras (viernes santo).<\/td><\/tr><tr><td><strong>Titulares<\/strong><\/td><td>Sant\u00edsimo Cristo de los Balderas<\/td><\/tr><tr><td><strong>Secciones musicales<\/strong><\/td><td>Banda de m\u00fasica<\/td><\/tr><tr><td><strong>Imaginer\u00eda<\/strong><\/td><td>PASO DE LAS TRES CRUCES<br><strong>\u201cEn verdad te digo: hoy estar\u00e1s conmigo en el para\u00edso\u201d<br><\/strong>Su imagen titular es el&nbsp;<em>Sto. Cristo de la Misericordia<\/em>. Corresponde a la&nbsp;<strong>Segunda Palabra&nbsp;<\/strong>y es com\u00fanmente conocido como&nbsp;<strong><em>\u201clas Tres Cruces<\/em><\/strong><em>\u201d.<br>\u00c1ngel Estrada Escanciano, 1964<\/em><br>&nbsp;<br>PASO DE LA TERCERA PALABRA<br><strong>\u201cMujer, he ah\u00ed a tu hijo\u2026he ah\u00ed a tu Madre\u201d<br><\/strong>Paso toti titular es el&nbsp;<strong><em>Sto. Cristo de la Entrega<\/em>.&nbsp;<br><\/strong><em>Hip\u00f3lito P\u00e9rez Calvo, 1994<\/em><br><br><br>PASO DE LA CUARTA PALABRA<br><strong>\u201cDios m\u00edo, Dios m\u00edo, \u00bfpor qu\u00e9 me has abandonado?\u201d<br><em>Stmo. Cristo del Desamparo y Buen Amor.&nbsp;<\/em><\/strong><em><br>Jes\u00fas Iglesias, 1996 &#8211; 2000<\/em><br><br><br>PASO DE LA QUINTA PALABRA<br><strong>\u201cTengo Sed\u201d<br><\/strong>La imagen titular el<em>&nbsp;<strong>Stmo. Cristo de la Sed<\/strong><\/em>.&nbsp;<br><em>Manuel Mart\u00edn Nieto, 2003<\/em><br><br>PASO DE LA SEXTA PALABRA<br><strong>\u201cTodo se ha consumado\u201d<br><\/strong>El Crucificado<br><br>PASO DE LA SEPTIMA PALABRA<br><strong><em>Paso titular ; Sant\u00edsimo Cristo de la Agon\u00eda<\/em><\/strong>&nbsp;,popularmente conocido como \u201cCristo de los Balderas\u201d, obra de&nbsp;<em>Gregorio Fern\u00e1ndez<\/em>.(<strong>\u201cPadre, en Tus manos encomiendo Mi Esp\u00edritu\u201d<\/strong>)<\/td><\/tr><tr><td><strong>Historia<\/strong><\/td><td>La Cofrad\u00eda de las Siete Palabras de Jes\u00fas en la Cruz fue erigida como tal el 22 de septiembre de 1962 por el entonces obispo de Le\u00f3n D. Luis Almancha, estableci\u00e9ndose como sede can\u00f3nica la Parroquia de San Marcelo.<\/td><\/tr><tr><td><strong>Web<\/strong><\/td><td>                               <a href=\"http:\/\/www.sietepalabras.com\/\" target=\"_blank\" rel=\"noreferrer noopener\">http:\/\/www.sietepalabras.com\/<\/a>                             <\/td><\/tr><\/tbody><\/table><\/figure>\n\n\n\n<figure class=\"wp-block-gallery has-nested-images columns-default is-cropped wp-block-gallery-1 is-layout-flex wp-block-gallery-is-layout-flex\">\n<figure class=\"wp-block-image size-large\"><img loading=\"lazy\" decoding=\"async\" width=\"737\" height=\"500\" data-id=\"999\" src=\"https:\/\/semanasantadeleon.com\/Nuevo\/semanasanta\/wp-content\/uploads\/2023\/03\/pregon_a_caballo_1_20140403_2096048333.jpg\" alt=\"\" class=\"wp-image-999\" srcset=\"https:\/\/semanasantadeleon.com\/Nuevo\/semanasanta\/wp-content\/uploads\/2023\/03\/pregon_a_caballo_1_20140403_2096048333.jpg 737w, https:\/\/semanasantadeleon.com\/Nuevo\/semanasanta\/wp-content\/uploads\/2023\/03\/pregon_a_caballo_1_20140403_2096048333-300x204.jpg 300w\" sizes=\"auto, (max-width: 737px) 100vw, 737px\" \/><figcaption class=\"wp-element-caption\">Preg\u00f3n a caballo<\/figcaption><\/figure>\n\n\n\n<figure class=\"wp-block-image size-large\"><img loading=\"lazy\" decoding=\"async\" width=\"900\" height=\"598\" data-id=\"1000\" src=\"https:\/\/semanasantadeleon.com\/Nuevo\/semanasanta\/wp-content\/uploads\/2023\/03\/pregon_a_caballo_1_20140404_1641246732.jpg\" alt=\"\" class=\"wp-image-1000\" srcset=\"https:\/\/semanasantadeleon.com\/Nuevo\/semanasanta\/wp-content\/uploads\/2023\/03\/pregon_a_caballo_1_20140404_1641246732.jpg 900w, https:\/\/semanasantadeleon.com\/Nuevo\/semanasanta\/wp-content\/uploads\/2023\/03\/pregon_a_caballo_1_20140404_1641246732-300x199.jpg 300w, https:\/\/semanasantadeleon.com\/Nuevo\/semanasanta\/wp-content\/uploads\/2023\/03\/pregon_a_caballo_1_20140404_1641246732-768x510.jpg 768w\" sizes=\"auto, (max-width: 900px) 100vw, 900px\" \/><figcaption class=\"wp-element-caption\">Preg\u00f3n a caballo<\/figcaption><\/figure>\n\n\n\n<figure class=\"wp-block-image size-large\"><img loading=\"lazy\" decoding=\"async\" width=\"900\" height=\"599\" data-id=\"1002\" src=\"https:\/\/semanasantadeleon.com\/Nuevo\/semanasanta\/wp-content\/uploads\/2023\/03\/procesion_de_las_siete_palabras_1_20140420_2004613777.jpg\" alt=\"\" class=\"wp-image-1002\" srcset=\"https:\/\/semanasantadeleon.com\/Nuevo\/semanasanta\/wp-content\/uploads\/2023\/03\/procesion_de_las_siete_palabras_1_20140420_2004613777.jpg 900w, https:\/\/semanasantadeleon.com\/Nuevo\/semanasanta\/wp-content\/uploads\/2023\/03\/procesion_de_las_siete_palabras_1_20140420_2004613777-300x200.jpg 300w, https:\/\/semanasantadeleon.com\/Nuevo\/semanasanta\/wp-content\/uploads\/2023\/03\/procesion_de_las_siete_palabras_1_20140420_2004613777-768x511.jpg 768w\" sizes=\"auto, (max-width: 900px) 100vw, 900px\" \/><figcaption class=\"wp-element-caption\">Serm\u00f3n y Procesi\u00f3n de las Siete Palabras<\/figcaption><\/figure>\n\n\n\n<figure class=\"wp-block-image size-large\"><img loading=\"lazy\" decoding=\"async\" width=\"900\" height=\"599\" data-id=\"1003\" src=\"https:\/\/semanasantadeleon.com\/Nuevo\/semanasanta\/wp-content\/uploads\/2023\/03\/procesion_de_las_siete_palabras_2_20140420_1194010507.jpg\" alt=\"\" class=\"wp-image-1003\" srcset=\"https:\/\/semanasantadeleon.com\/Nuevo\/semanasanta\/wp-content\/uploads\/2023\/03\/procesion_de_las_siete_palabras_2_20140420_1194010507.jpg 900w, https:\/\/semanasantadeleon.com\/Nuevo\/semanasanta\/wp-content\/uploads\/2023\/03\/procesion_de_las_siete_palabras_2_20140420_1194010507-300x200.jpg 300w, https:\/\/semanasantadeleon.com\/Nuevo\/semanasanta\/wp-content\/uploads\/2023\/03\/procesion_de_las_siete_palabras_2_20140420_1194010507-768x511.jpg 768w\" sizes=\"auto, (max-width: 900px) 100vw, 900px\" \/><figcaption class=\"wp-element-caption\">Serm\u00f3n y Procesi\u00f3n de las Siete Palabras<\/figcaption><\/figure>\n\n\n\n<figure class=\"wp-block-image size-large\"><img loading=\"lazy\" decoding=\"async\" width=\"646\" height=\"800\" data-id=\"1004\" src=\"https:\/\/semanasantadeleon.com\/Nuevo\/semanasanta\/wp-content\/uploads\/2023\/03\/procesion_de_las_siete_palabras_3_20140420_1016984066.jpg\" alt=\"\" class=\"wp-image-1004\" srcset=\"https:\/\/semanasantadeleon.com\/Nuevo\/semanasanta\/wp-content\/uploads\/2023\/03\/procesion_de_las_siete_palabras_3_20140420_1016984066.jpg 646w, https:\/\/semanasantadeleon.com\/Nuevo\/semanasanta\/wp-content\/uploads\/2023\/03\/procesion_de_las_siete_palabras_3_20140420_1016984066-242x300.jpg 242w\" sizes=\"auto, (max-width: 646px) 100vw, 646px\" \/><figcaption class=\"wp-element-caption\">Serm\u00f3n y Procesi\u00f3n de las Siete Palabras<\/figcaption><\/figure>\n<\/figure>\n\n\n\n<p><\/p>\n","protected":false},"excerpt":{"rendered":"<p>Insignia-Escudo A\u00f1o de fundaci\u00f3n1962TemploParroquia de San MarceloN\u00ba Hermanos1350H\u00e1bitoT\u00fanica lisa de terciopelo rojo sangre y anchas bocamangas de estilo monacal, capirote alto de lanilla blanca, capa de raso negro con vistas del mismo tejido pero en color blanco y c\u00edngulo negro doble con dos grandes borlas ca\u00eddas al lado izquierdo. Completan el h\u00e1bito: guantes y calcetines [&hellip;]<\/p>\n","protected":false},"author":1,"featured_media":0,"parent":0,"menu_order":0,"comment_status":"closed","ping_status":"closed","template":"page-templates\/full-width-page.php","meta":{"footnotes":""},"class_list":["post-555","page","type-page","status-publish","hentry"],"_links":{"self":[{"href":"https:\/\/semanasantadeleon.com\/Nuevo\/semanasanta\/wp-json\/wp\/v2\/pages\/555","targetHints":{"allow":["GET"]}}],"collection":[{"href":"https:\/\/semanasantadeleon.com\/Nuevo\/semanasanta\/wp-json\/wp\/v2\/pages"}],"about":[{"href":"https:\/\/semanasantadeleon.com\/Nuevo\/semanasanta\/wp-json\/wp\/v2\/types\/page"}],"author":[{"embeddable":true,"href":"https:\/\/semanasantadeleon.com\/Nuevo\/semanasanta\/wp-json\/wp\/v2\/users\/1"}],"replies":[{"embeddable":true,"href":"https:\/\/semanasantadeleon.com\/Nuevo\/semanasanta\/wp-json\/wp\/v2\/comments?post=555"}],"version-history":[{"count":5,"href":"https:\/\/semanasantadeleon.com\/Nuevo\/semanasanta\/wp-json\/wp\/v2\/pages\/555\/revisions"}],"predecessor-version":[{"id":2417,"href":"https:\/\/semanasantadeleon.com\/Nuevo\/semanasanta\/wp-json\/wp\/v2\/pages\/555\/revisions\/2417"}],"wp:attachment":[{"href":"https:\/\/semanasantadeleon.com\/Nuevo\/semanasanta\/wp-json\/wp\/v2\/media?parent=555"}],"curies":[{"name":"wp","href":"https:\/\/api.w.org\/{rel}","templated":true}]}}