{"id":538,"date":"2023-03-25T14:11:26","date_gmt":"2023-03-25T14:11:26","guid":{"rendered":"https:\/\/semanasantadeleon.com\/Nuevo\/semanasanta\/?page_id=538"},"modified":"2024-03-09T15:18:37","modified_gmt":"2024-03-09T15:18:37","slug":"cofradia-santo-cristo-del-desenclavo","status":"publish","type":"page","link":"https:\/\/semanasantadeleon.com\/Nuevo\/semanasanta\/cofradia-santo-cristo-del-desenclavo\/","title":{"rendered":"Cofrad\u00eda Santo Cristo del Desenclavo"},"content":{"rendered":"\n<div style=\"height:100px\" aria-hidden=\"true\" class=\"wp-block-spacer\"><\/div>\n\n\n<div class=\"wp-block-image\">\n<figure class=\"aligncenter size-full\"><img loading=\"lazy\" decoding=\"async\" width=\"650\" height=\"950\" src=\"https:\/\/semanasantadeleon.com\/Nuevo\/semanasanta\/wp-content\/uploads\/2024\/02\/Santo-Cristo-del-Desenclavo.webp\" alt=\"\" class=\"wp-image-2006\" srcset=\"https:\/\/semanasantadeleon.com\/Nuevo\/semanasanta\/wp-content\/uploads\/2024\/02\/Santo-Cristo-del-Desenclavo.webp 650w, https:\/\/semanasantadeleon.com\/Nuevo\/semanasanta\/wp-content\/uploads\/2024\/02\/Santo-Cristo-del-Desenclavo-205x300.webp 205w\" sizes=\"auto, (max-width: 650px) 100vw, 650px\" \/><\/figure>\n<\/div>\n\n\n<div style=\"height:100px\" aria-hidden=\"true\" class=\"wp-block-spacer\"><\/div>\n\n\n\n<figure class=\"wp-block-table\"><table><tbody><tr><td><strong>Insignia-Escudo<\/strong><\/td><td>                               <img loading=\"lazy\" decoding=\"async\" width=\"100\" height=\"100\" class=\"wp-image-539\" style=\"width: 100px;\" src=\"https:\/\/semanasantadeleon.com\/Nuevo\/semanasanta\/wp-content\/uploads\/2023\/03\/desenclavo.png\" alt=\"\">                             <\/td><\/tr><tr><td><strong>A\u00f1o de fundaci\u00f3n<\/strong><\/td><td>1992<\/td><\/tr><tr><td><strong>Templo<\/strong><\/td><td><br>Parroquia de Santa Marina la Real<\/td><\/tr><tr><td><strong>N\u00ba Hermanos<\/strong><\/td><td><br>500<\/td><\/tr><tr><td><strong>H\u00e1bito<\/strong><\/td><td>T\u00fanica lisa, de sarga p\u00farpura con bocamangas y capirote negros, del mismo tejido y c\u00edngulo negro con las ca\u00eddas a la izquierda. El emblema aparece en el centro del babero. El h\u00e1bito se completa con la camisa blanca y guantes, pantal\u00f3n, calcetines y zapato bajo, negros<\/td><\/tr><tr><td><strong>Emblema<\/strong><\/td><td>Es un \u00f3valo que circunscribe la corona real, que simboliza la parroquia de Santa Marina la Real, con una cruz desnuda con un sudario y tres clavos a los pies con disposici\u00f3n trebolada.<\/td><\/tr><tr><td><strong>Procesiones<\/strong><\/td><td>Procesi\u00f3n de la Pasi\u00f3n (Lunes Santo)\n                              <br>Procesi\u00f3n del Dolor de Nuestra Madre (Martes Santo)\n                              <br>Procesi\u00f3n Oficial del Santo Entierro (Viernes Santo, a\u00f1os pares)<\/td><\/tr><tr><td><strong>Titulares<\/strong><\/td><td>Santo Cristo del Desenclavo<\/td><\/tr><tr><td><strong>Secciones musicales<\/strong><\/td><td><\/td><\/tr><tr><td><strong>Imaginer\u00eda<\/strong><\/td><td>Santo Cristo del Desenclavo (1992-1993)<br>Santo Cristo del Desenclavo en su Camino al Padre.(2000)<br>Santo Cristo de las Injurias. Amancio Gonz\u00e1lez 1995<br>Nuestra Madre Mar\u00eda Sant\u00edsima del Desconsuelo<br>Mar\u00eda Sant\u00edsima del Mayor Dolor en su Soledad. Pablo Lanchares 2013<\/td><\/tr><tr><td><strong>Historia<\/strong><\/td><td><\/td><\/tr><tr><td><strong>Web<\/strong><\/td><td>                               <a href=\"http:\/\/www.desenclavo.com\/\" target=\"_blank\" rel=\"noreferrer noopener\">http:\/\/www.desenclavo.com\/<\/a>                             <\/td><\/tr><\/tbody><\/table><\/figure>\n\n\n<div class=\"wp-block-image\">\n<figure class=\"aligncenter size-full\"><img loading=\"lazy\" decoding=\"async\" width=\"581\" height=\"800\" src=\"https:\/\/semanasantadeleon.com\/Nuevo\/semanasanta\/wp-content\/uploads\/2023\/03\/cristo_del_desenclavo_1_20140403_1015291796.jpg\" alt=\"\" class=\"wp-image-988\" srcset=\"https:\/\/semanasantadeleon.com\/Nuevo\/semanasanta\/wp-content\/uploads\/2023\/03\/cristo_del_desenclavo_1_20140403_1015291796.jpg 581w, https:\/\/semanasantadeleon.com\/Nuevo\/semanasanta\/wp-content\/uploads\/2023\/03\/cristo_del_desenclavo_1_20140403_1015291796-218x300.jpg 218w\" sizes=\"auto, (max-width: 581px) 100vw, 581px\" \/><figcaption class=\"wp-element-caption\">Santo Cristo del Desenclavo<\/figcaption><\/figure>\n<\/div>","protected":false},"excerpt":{"rendered":"<p>Insignia-Escudo A\u00f1o de fundaci\u00f3n1992TemploParroquia de Santa Marina la RealN\u00ba Hermanos500H\u00e1bitoT\u00fanica lisa, de sarga p\u00farpura con bocamangas y capirote negros, del mismo tejido y c\u00edngulo negro con las ca\u00eddas a la izquierda. El emblema aparece en el centro del babero. El h\u00e1bito se completa con la camisa blanca y guantes, pantal\u00f3n, calcetines y zapato bajo, negrosEmblemaEs [&hellip;]<\/p>\n","protected":false},"author":1,"featured_media":0,"parent":0,"menu_order":0,"comment_status":"closed","ping_status":"closed","template":"page-templates\/full-width-page.php","meta":{"footnotes":""},"class_list":["post-538","page","type-page","status-publish","hentry"],"_links":{"self":[{"href":"https:\/\/semanasantadeleon.com\/Nuevo\/semanasanta\/wp-json\/wp\/v2\/pages\/538","targetHints":{"allow":["GET"]}}],"collection":[{"href":"https:\/\/semanasantadeleon.com\/Nuevo\/semanasanta\/wp-json\/wp\/v2\/pages"}],"about":[{"href":"https:\/\/semanasantadeleon.com\/Nuevo\/semanasanta\/wp-json\/wp\/v2\/types\/page"}],"author":[{"embeddable":true,"href":"https:\/\/semanasantadeleon.com\/Nuevo\/semanasanta\/wp-json\/wp\/v2\/users\/1"}],"replies":[{"embeddable":true,"href":"https:\/\/semanasantadeleon.com\/Nuevo\/semanasanta\/wp-json\/wp\/v2\/comments?post=538"}],"version-history":[{"count":5,"href":"https:\/\/semanasantadeleon.com\/Nuevo\/semanasanta\/wp-json\/wp\/v2\/pages\/538\/revisions"}],"predecessor-version":[{"id":2410,"href":"https:\/\/semanasantadeleon.com\/Nuevo\/semanasanta\/wp-json\/wp\/v2\/pages\/538\/revisions\/2410"}],"wp:attachment":[{"href":"https:\/\/semanasantadeleon.com\/Nuevo\/semanasanta\/wp-json\/wp\/v2\/media?parent=538"}],"curies":[{"name":"wp","href":"https:\/\/api.w.org\/{rel}","templated":true}]}}