{"id":500,"date":"2023-03-25T08:16:53","date_gmt":"2023-03-25T08:16:53","guid":{"rendered":"https:\/\/semanasantadeleon.com\/Nuevo\/semanasanta\/?page_id=500"},"modified":"2024-03-09T09:37:20","modified_gmt":"2024-03-09T09:37:20","slug":"cofradia-santo-cristo-del-perdon","status":"publish","type":"page","link":"https:\/\/semanasantadeleon.com\/Nuevo\/semanasanta\/cofradia-santo-cristo-del-perdon\/","title":{"rendered":"Cofrad\u00eda Santo Cristo del Perd\u00f3n"},"content":{"rendered":"\n<div class=\"wp-block-group\"><div class=\"wp-block-group__inner-container is-layout-constrained wp-block-group-is-layout-constrained\">\n<div style=\"height:100px\" aria-hidden=\"true\" class=\"wp-block-spacer\"><\/div>\n\n\n<div class=\"wp-block-image\">\n<figure class=\"aligncenter size-full\"><img loading=\"lazy\" decoding=\"async\" width=\"648\" height=\"455\" src=\"https:\/\/semanasantadeleon.com\/Nuevo\/semanasanta\/wp-content\/uploads\/2024\/02\/Santo-Cristo-del-Perdon.webp\" alt=\"\" class=\"wp-image-1980\" srcset=\"https:\/\/semanasantadeleon.com\/Nuevo\/semanasanta\/wp-content\/uploads\/2024\/02\/Santo-Cristo-del-Perdon.webp 648w, https:\/\/semanasantadeleon.com\/Nuevo\/semanasanta\/wp-content\/uploads\/2024\/02\/Santo-Cristo-del-Perdon-300x211.webp 300w\" sizes=\"auto, (max-width: 648px) 100vw, 648px\" \/><\/figure>\n<\/div>\n\n\n<div style=\"height:100px\" aria-hidden=\"true\" class=\"wp-block-spacer\"><\/div>\n<\/div><\/div>\n\n\n\n<figure class=\"wp-block-table\"><table><tbody><tr><td><strong>Insignia-Escudo<\/strong><\/td><td>                               <img loading=\"lazy\" decoding=\"async\" width=\"100\" height=\"100\" class=\"wp-image-501\" style=\"width: 100px;\" src=\"https:\/\/semanasantadeleon.com\/Nuevo\/semanasanta\/wp-content\/uploads\/2023\/03\/perdon.png\" alt=\"\">                             <\/td><\/tr><tr><td><strong>A\u00f1o de fundaci\u00f3n<\/strong><\/td><td>1964<\/td><\/tr><tr><td><strong>Templo<\/strong><\/td><td>Parroquia de San Francisco de la Vega<\/td><\/tr><tr><td><strong>N\u00ba Hermanos<\/strong><\/td><td>900<\/td><\/tr><tr><td><strong>H\u00e1bito<\/strong><\/td><td>Elaborado de sarga de lana, es marr\u00f3n de sencilla elaboraci\u00f3n, con una tablilla por delante y por detr\u00e1s, que se ci\u00f1e mediante un faj\u00edn de lana blanca que se anuda al lado derecho, colgando del mismo lado los extremos del mismo; los hermanos y hermanas cubren su rostro con capirote alto de 45 cent\u00edmetros elaborado con la misma tela, braceros, braceras y miembros<br>de banda cubren su rostro con capillo bajo. En sus or\u00edgenes se calzaba sandalia marr\u00f3n, en la actualidad puede utilizarse sandalia o zapato marr\u00f3n. Todos los hermanos y hermanas de la Cofrad\u00eda portan una cruz de madera que cuelga del cuello de una cadena de eslabones de aluminio<\/td><\/tr><tr><td><strong>Emblema<\/strong><\/td><td>&nbsp;El anagrama o emblema de la Cofrad\u00eda es una sencilla cruz en&nbsp;perspectiva, rodeada de un c\u00edngulo que la abraza.<\/td><\/tr><tr><td><strong>Procesiones<\/strong><\/td><td>Procesi\u00f3n de los Ramos (domingo de ramos).<br>Procesi\u00f3n del Perd\u00f3n (martes santo).<br>V\u00eda Crucis (mi\u00e9rcoles santo).<\/td><\/tr><tr><td><strong>Titulares<\/strong><\/td><td>Santo Cristo del Perd\u00f3n<\/td><\/tr><tr><td><strong>Secciones musicales<\/strong><\/td><td>Banda de cornetas y tambores<\/td><\/tr><tr><td><strong>Imaginer\u00eda<\/strong><\/td><td><strong>Cristo del Perd\u00f3n<\/strong>.&nbsp;\u00c1ngel Estrada Escanciano, 1966<br><strong>Madre de la Paz.&nbsp;<\/strong>Amado Fern\u00e1ndez Puente, 1984<br><strong>Cristo de la Esperanza.&nbsp;<\/strong>An\u00f3nimo, siglo XX<br><strong>La Condena de Cristo<\/strong><\/td><\/tr><tr><td><strong>Historia<\/strong><\/td><td><\/td><\/tr><tr><td><strong>Web<\/strong><\/td><td>                               <a rel=\"noreferrer noopener\" href=\"http:\/\/www.santocristodelperdon.com\/\" target=\"_blank\">  http:\/\/www.santocristodelperdon.com\/<\/a>                             <\/td><\/tr><\/tbody><\/table><\/figure>\n\n\n<div class=\"wp-block-image\">\n<figure class=\"aligncenter size-full\"><img loading=\"lazy\" decoding=\"async\" width=\"737\" height=\"811\" src=\"https:\/\/semanasantadeleon.com\/Nuevo\/semanasanta\/wp-content\/uploads\/2023\/03\/cristodel_perdon-santo_cristo_del_perdon-1.jpg\" alt=\"\" class=\"wp-image-973\" srcset=\"https:\/\/semanasantadeleon.com\/Nuevo\/semanasanta\/wp-content\/uploads\/2023\/03\/cristodel_perdon-santo_cristo_del_perdon-1.jpg 737w, https:\/\/semanasantadeleon.com\/Nuevo\/semanasanta\/wp-content\/uploads\/2023\/03\/cristodel_perdon-santo_cristo_del_perdon-1-273x300.jpg 273w\" sizes=\"auto, (max-width: 737px) 100vw, 737px\" \/><figcaption class=\"wp-element-caption\">Santo Cristo del Perd\u00f3n. \u00c1ngel Estrada Escanciano, 1966<\/figcaption><\/figure>\n<\/div>","protected":false},"excerpt":{"rendered":"<p>Insignia-Escudo A\u00f1o de fundaci\u00f3n1964TemploParroquia de San Francisco de la VegaN\u00ba Hermanos900H\u00e1bitoElaborado de sarga de lana, es marr\u00f3n de sencilla elaboraci\u00f3n, con una tablilla por delante y por detr\u00e1s, que se ci\u00f1e mediante un faj\u00edn de lana blanca que se anuda al lado derecho, colgando del mismo lado los extremos del mismo; los hermanos y hermanas [&hellip;]<\/p>\n","protected":false},"author":1,"featured_media":0,"parent":0,"menu_order":0,"comment_status":"closed","ping_status":"closed","template":"page-templates\/full-width-page.php","meta":{"footnotes":""},"class_list":["post-500","page","type-page","status-publish","hentry"],"_links":{"self":[{"href":"https:\/\/semanasantadeleon.com\/Nuevo\/semanasanta\/wp-json\/wp\/v2\/pages\/500","targetHints":{"allow":["GET"]}}],"collection":[{"href":"https:\/\/semanasantadeleon.com\/Nuevo\/semanasanta\/wp-json\/wp\/v2\/pages"}],"about":[{"href":"https:\/\/semanasantadeleon.com\/Nuevo\/semanasanta\/wp-json\/wp\/v2\/types\/page"}],"author":[{"embeddable":true,"href":"https:\/\/semanasantadeleon.com\/Nuevo\/semanasanta\/wp-json\/wp\/v2\/users\/1"}],"replies":[{"embeddable":true,"href":"https:\/\/semanasantadeleon.com\/Nuevo\/semanasanta\/wp-json\/wp\/v2\/comments?post=500"}],"version-history":[{"count":6,"href":"https:\/\/semanasantadeleon.com\/Nuevo\/semanasanta\/wp-json\/wp\/v2\/pages\/500\/revisions"}],"predecessor-version":[{"id":2353,"href":"https:\/\/semanasantadeleon.com\/Nuevo\/semanasanta\/wp-json\/wp\/v2\/pages\/500\/revisions\/2353"}],"wp:attachment":[{"href":"https:\/\/semanasantadeleon.com\/Nuevo\/semanasanta\/wp-json\/wp\/v2\/media?parent=500"}],"curies":[{"name":"wp","href":"https:\/\/api.w.org\/{rel}","templated":true}]}}