{"id":496,"date":"2023-03-25T08:08:46","date_gmt":"2023-03-25T08:08:46","guid":{"rendered":"https:\/\/semanasantadeleon.com\/Nuevo\/semanasanta\/?page_id=496"},"modified":"2024-03-09T09:29:32","modified_gmt":"2024-03-09T09:29:32","slug":"real-hermandad-de-jesus-divino-obrero","status":"publish","type":"page","link":"https:\/\/semanasantadeleon.com\/Nuevo\/semanasanta\/real-hermandad-de-jesus-divino-obrero\/","title":{"rendered":"Real Hermandad de Jes\u00fas Divino Obrero"},"content":{"rendered":"\n<div style=\"height:100px\" aria-hidden=\"true\" class=\"wp-block-spacer\"><\/div>\n\n\n<div class=\"wp-block-image is-style-default\">\n<figure data-wp-context=\"{&quot;imageId&quot;:&quot;69e34153a1b8d&quot;}\" data-wp-interactive=\"core\/image\" data-wp-key=\"69e34153a1b8d\" class=\"aligncenter size-large wp-lightbox-container\"><img decoding=\"async\" data-wp-class--hide=\"state.isContentHidden\" data-wp-class--show=\"state.isContentVisible\" data-wp-init=\"callbacks.setButtonStyles\" data-wp-on--click=\"actions.showLightbox\" data-wp-on--load=\"callbacks.setButtonStyles\" data-wp-on-window--resize=\"callbacks.setButtonStyles\" src=\"https:\/\/semanasantadeleon.com\/Nuevo\/semanasanta\/wp-content\/uploads\/2024\/02\/Jesus-divino-obrero.webp\" alt=\"Cartel de Semana Santa 2024 de la Real Hermandad de Jes\u00fas Divino Obrero\"\/><button\n\t\t\tclass=\"lightbox-trigger\"\n\t\t\ttype=\"button\"\n\t\t\taria-haspopup=\"dialog\"\n\t\t\taria-label=\"Agrandar\"\n\t\t\tdata-wp-init=\"callbacks.initTriggerButton\"\n\t\t\tdata-wp-on--click=\"actions.showLightbox\"\n\t\t\tdata-wp-style--right=\"state.imageButtonRight\"\n\t\t\tdata-wp-style--top=\"state.imageButtonTop\"\n\t\t>\n\t\t\t<svg xmlns=\"http:\/\/www.w3.org\/2000\/svg\" width=\"12\" height=\"12\" fill=\"none\" viewBox=\"0 0 12 12\">\n\t\t\t\t<path fill=\"#fff\" d=\"M2 0a2 2 0 0 0-2 2v2h1.5V2a.5.5 0 0 1 .5-.5h2V0H2Zm2 10.5H2a.5.5 0 0 1-.5-.5V8H0v2a2 2 0 0 0 2 2h2v-1.5ZM8 12v-1.5h2a.5.5 0 0 0 .5-.5V8H12v2a2 2 0 0 1-2 2H8Zm2-12a2 2 0 0 1 2 2v2h-1.5V2a.5.5 0 0 0-.5-.5H8V0h2Z\" \/>\n\t\t\t<\/svg>\n\t\t<\/button><\/figure>\n<\/div>\n\n\n<div style=\"height:100px\" aria-hidden=\"true\" class=\"wp-block-spacer\"><\/div>\n\n\n\n<figure class=\"wp-block-table\"><table><tbody><tr><td><strong>Insignia-Escudo<\/strong><\/td><td>                               <img loading=\"lazy\" decoding=\"async\" width=\"100\" height=\"100\" class=\"wp-image-498\" style=\"width: 100px;\" src=\"https:\/\/semanasantadeleon.com\/Nuevo\/semanasanta\/wp-content\/uploads\/2023\/03\/divinoobrero.png\" alt=\"\">                             <\/td><\/tr><tr><td><strong>A\u00f1o de fundaci\u00f3n<\/strong><\/td><td><br>1955<\/td><\/tr><tr><td><strong>Templo<\/strong><\/td><td>Parroquia de Jes\u00fas Divino Obrero<\/td><\/tr><tr><td><strong>N\u00ba Hermanos<\/strong><\/td><td>1200<\/td><\/tr><tr><td><strong>H\u00e1bito<\/strong><\/td><td>T\u00fanica de lana o similar de color blanco-hueso; ce\u00f1idor, capirote, capa, pantal\u00f3n oscuro, camisa blanca, corbata negra, zapato y calcetines, ambos negros, lisos y sin adornos guantes blancos y medalla con cord\u00f3n, el ce\u00f1idor y el cord\u00f3n de la medalla ser\u00e1n de blanco-hueso y morado entrelazados, el capirote, deber\u00e1 cubrir hasta los hombros y hasta la mitad del pecho, las bocamangas y la botonadura de la t\u00fanica ser\u00e1n de terciopelo morado, la capa ser\u00e1 de raso morado con vistas del color y g\u00e9nero de la t\u00fanica. El capirote podr\u00e1 ser sustituido por un capillo de raso morado por los Hermanos braceros o miembros de la Banda de M\u00fasica. Los braceros quedan dispensados del uso de la capa<\/td><\/tr><tr><td><strong>Emblema<\/strong><\/td><td><br>La insignia de la Hermandad es una medalla met\u00e1lica, en cuyo anverso lleva grabada la imagen de Jes\u00fas Divino Obrero, y en el reverso la inscripci\u00f3n: \u201cReal Hermandad de Jes\u00fas Divino Obrero. Le\u00f3n 1955\u201d.<\/td><\/tr><tr><td><strong>Procesiones<\/strong><\/td><td>Procesi\u00f3n de Hermandad (s\u00e1bado de dolores, cada 2 a\u00f1os).<br>Procesi\u00f3n de la Soledad (s\u00e1bado santo).<br>Procesi\u00f3n del Encuentro (domingo de resurrecci\u00f3n).<\/td><\/tr><tr><td><strong>Titulares<\/strong><\/td><td>Jes\u00fas Divino Obrero<\/td><\/tr><tr><td><strong>Secciones musicales<\/strong><\/td><td>Banda de cornetas, tambores y gaitas<\/td><\/tr><tr><td><strong>Imaginer\u00eda<\/strong><\/td><td><strong>Jes\u00fas Divino Obrero<\/strong>. V\u00edctor de los R\u00edos. 1955<br><strong>Las Tres Mar\u00edas<\/strong>. V\u00edctor de los R\u00edos. 1958-1960<br><strong>La Resurrecci\u00f3n<\/strong>. V\u00edctor de los R\u00edos. 1959<br><strong>Hacia el Padre<\/strong>. Gonzalo S\u00e1nchez Mendiz\u00e1bal. 1984<br><strong>San Juan Evangelista<\/strong>. Jes\u00fas Iglesias. 1994<br><strong>Sant\u00edsima Cruz de la Esperanza y de la Vida<\/strong>. Jos\u00e9 Luis Casanova. 2002<br><strong>Sant\u00edsimo Cristo de la Paz y la Misericordia en su Traslado al Sepulcro<\/strong>. \u00c1ngel Mart\u00edn. 2004<\/td><\/tr><tr><td><strong>Historia<\/strong><\/td><td>Seg\u00fan el&nbsp;<strong>Acta Constitucional<\/strong>&nbsp;redactada en la sacrist\u00eda de la Iglesia Parroquial de San Juan y San Pedro de Renueva, la Hermandad de Jes\u00fas Divino Obrero, fue fundada el&nbsp;<strong>19 de marzo de 1.955,<\/strong>&nbsp;coincidiendo con la festividad de&nbsp;<strong>San Jos\u00e9<\/strong>. <\/td><\/tr><tr><td><strong>Web<\/strong><\/td><td>                               <a href=\"https:\/\/rhjdo.es\/\" target=\"_blank\" rel=\"noreferrer noopener\">Hermandad de Jes\u00fas Divino Obrero<\/a>                             <\/td><\/tr><\/tbody><\/table><\/figure>\n\n\n\n<div style=\"height:100px\" aria-hidden=\"true\" class=\"wp-block-spacer\"><\/div>\n","protected":false},"excerpt":{"rendered":"<p>Insignia-Escudo A\u00f1o de fundaci\u00f3n1955TemploParroquia de Jes\u00fas Divino ObreroN\u00ba Hermanos1200H\u00e1bitoT\u00fanica de lana o similar de color blanco-hueso; ce\u00f1idor, capirote, capa, pantal\u00f3n oscuro, camisa blanca, corbata negra, zapato y calcetines, ambos negros, lisos y sin adornos guantes blancos y medalla con cord\u00f3n, el ce\u00f1idor y el cord\u00f3n de la medalla ser\u00e1n de blanco-hueso y morado entrelazados, el [&hellip;]<\/p>\n","protected":false},"author":1,"featured_media":0,"parent":0,"menu_order":0,"comment_status":"closed","ping_status":"closed","template":"page-templates\/full-width-page.php","meta":{"footnotes":""},"class_list":["post-496","page","type-page","status-publish","hentry"],"_links":{"self":[{"href":"https:\/\/semanasantadeleon.com\/Nuevo\/semanasanta\/wp-json\/wp\/v2\/pages\/496","targetHints":{"allow":["GET"]}}],"collection":[{"href":"https:\/\/semanasantadeleon.com\/Nuevo\/semanasanta\/wp-json\/wp\/v2\/pages"}],"about":[{"href":"https:\/\/semanasantadeleon.com\/Nuevo\/semanasanta\/wp-json\/wp\/v2\/types\/page"}],"author":[{"embeddable":true,"href":"https:\/\/semanasantadeleon.com\/Nuevo\/semanasanta\/wp-json\/wp\/v2\/users\/1"}],"replies":[{"embeddable":true,"href":"https:\/\/semanasantadeleon.com\/Nuevo\/semanasanta\/wp-json\/wp\/v2\/comments?post=496"}],"version-history":[{"count":11,"href":"https:\/\/semanasantadeleon.com\/Nuevo\/semanasanta\/wp-json\/wp\/v2\/pages\/496\/revisions"}],"predecessor-version":[{"id":2349,"href":"https:\/\/semanasantadeleon.com\/Nuevo\/semanasanta\/wp-json\/wp\/v2\/pages\/496\/revisions\/2349"}],"wp:attachment":[{"href":"https:\/\/semanasantadeleon.com\/Nuevo\/semanasanta\/wp-json\/wp\/v2\/media?parent=496"}],"curies":[{"name":"wp","href":"https:\/\/api.w.org\/{rel}","templated":true}]}}