{"id":278,"date":"2026-03-11T07:09:00","date_gmt":"2026-03-11T07:09:00","guid":{"rendered":"https:\/\/semanasantadeleon.com\/Nuevo\/semanasanta\/?page_id=278"},"modified":"2026-03-25T18:19:00","modified_gmt":"2026-03-25T18:19:00","slug":"sabado-santo-2","status":"publish","type":"page","link":"https:\/\/semanasantadeleon.com\/Nuevo\/semanasanta\/sabado-santo-2\/","title":{"rendered":"4 de abril. S\u00e1bado Santo"},"content":{"rendered":"<div data-colibri-id=\"278-c1\" class=\"style-507 style-local-278-c1 position-relative\">\n  <!---->\n  <div data-colibri-component=\"section\" data-colibri-id=\"278-c2\" id=\"reusable-sections-2\" class=\"h-section h-section-global-spacing d-flex align-items-lg-center align-items-md-center align-items-center style-1299 style-local-278-c2 position-relative\">\n    <!---->\n    <!---->\n    <div class=\"h-section-grid-container h-section-boxed-container\">\n      <!---->\n      <div data-colibri-id=\"278-c3\" class=\"h-row-container gutters-row-lg-0 gutters-row-md-0 gutters-row-0 gutters-row-v-lg-0 gutters-row-v-md-0 gutters-row-v-0 style-1300 style-local-278-c3 position-relative\">\n        <!---->\n        <div class=\"h-row justify-content-lg-center justify-content-md-center justify-content-center align-items-lg-stretch align-items-md-stretch align-items-stretch gutters-col-lg-0 gutters-col-md-0 gutters-col-0 gutters-col-v-lg-0 gutters-col-v-md-0 gutters-col-v-0\">\n          <!---->\n          <div class=\"h-column h-column-container d-flex h-col-lg-auto h-col-md-auto h-col-auto style-1301-outer style-local-278-c4-outer\">\n            <div data-colibri-id=\"278-c4\" class=\"d-flex h-flex-basis h-column__inner h-px-lg-0 h-px-md-0 h-px-0 v-inner-lg-0 v-inner-md-0 v-inner-0 style-1301 style-local-278-c4 position-relative\">\n              <!---->\n              <!---->\n              <div class=\"w-100 h-y-container h-column__content h-column__v-align flex-basis-100 align-self-lg-start align-self-md-start align-self-start\">\n                <!---->\n                <div data-colibri-id=\"278-c5\" class=\"h-global-transition-all h-heading style-1302 style-local-278-c5 position-relative h-element\">\n                  <!---->\n                  <div class=\"h-heading__outer style-1302 style-local-278-c5\">\n                    <!---->\n                    <!---->\n                    <h5 class=\"\">16:30h.<\/h5>\n                  <\/div>\n                <\/div>\n                <div data-colibri-id=\"278-c6\" class=\"h-global-transition-all h-heading style-1303 style-local-278-c6 position-relative h-element\">\n                  <!---->\n                  <div class=\"h-heading__outer style-1303 style-local-278-c6\">\n                    <!---->\n                    <!---->\n                    <h2 class=\"\">PROCESI\u00d3N DEL SANTO CRISTO DEL DESENCLAVO<\/h2>\n                  <\/div>\n                <\/div>\n                <div data-colibri-id=\"278-c7\" class=\"h-text h-text-component style-1304 style-local-278-c7 position-relative h-element\">\n                  <!---->\n                  <!---->\n                  <div class=\"\">\n                    <p><strong style=\"font-weight: 700;\">Organiza<\/strong>:&nbsp;Cofrad\u00eda del Santo Cristo del Desenclavo.<\/p>\n                    <p><strong style=\"font-weight: 700;\">Lugar de salida&nbsp;<\/strong><strong style=\"font-weight: 700; color: rgb(122, 37, 111); font-family: &quot;Open Sans&quot;; font-size: 16px;\">y hora<\/strong>: Patio del Colegio Leon\u00e9s, a las 16:30\n                      horas<\/p>\n                    <p><strong style=\"font-weight: 700;\">Itinerario<\/strong>:&nbsp;Patio del Colegio Leon\u00e9s frente a la Iglesia de Santa Marina la Real, Colegio Leon\u00e9s, Serranos, Plaza del Desenclavo, Plaza del Vizconde, Convento, Cardenal Land\u00e1zuri (Canto\n                      de la Salve por las MM. Franciscanas Clarisas Descalzas desde el interior del Convento de la Santa Cruz ante la imagen de Nuestra Madre Mar\u00eda del Desconsuelo), Plaza de Regla, Ancha, Cid, Plaza de San Isidoro -donde se celebrar\u00e1\n                      el Acto del Desenclavo hacia las 18:30, contando como testigos la Muy Iltre. Real e Imperial Cofrad\u00eda del Milagroso Pend\u00f3n de San Isidoro y el Cabildo Isidoriano en el Atrio de la Puerta del Perd\u00f3n de la Real Bas\u00edlica de San Isidoro-\n                      A continuaci\u00f3n, la procesi\u00f3n continuar\u00e1 con el siguiente recorrido: Sacramento, Plaza de Santo Martino, Plaza Puerta Castillo, Serranos, Plaza del Desenclavo, Serranos y Colegio Leon\u00e9s.<\/p>\n                    <p>\n                      <br>\n                    <\/p>\n                  <\/div>\n                <\/div>\n              <\/div>\n            <\/div>\n          <\/div>\n          <div class=\"h-column h-column-container d-flex h-col-lg-auto h-col-md-auto h-col-auto style-1305-outer style-local-278-c8-outer\">\n            <div data-colibri-id=\"278-c8\" class=\"d-flex h-flex-basis h-column__inner h-ui-empty-state-container h-px-lg-2 h-px-md-2 h-px-2 v-inner-lg-2 v-inner-md-2 v-inner-2 style-1305 style-local-278-c8 position-relative\">\n              <!---->\n              <!---->\n              <div class=\"w-100 h-y-container h-column__content h-column__v-align flex-basis-100\">\n                <!---->\n              <\/div>\n            <\/div>\n          <\/div>\n        <\/div>\n      <\/div>\n    <\/div>\n  <\/div>\n  <div data-colibri-component=\"section\" data-colibri-id=\"278-c9\" id=\"about\" class=\"h-section h-section-global-spacing d-flex align-items-lg-center align-items-md-center align-items-center style-508 style-local-278-c9 position-relative\">\n    <!---->\n    <!---->\n    <div class=\"h-section-grid-container h-section-boxed-container\">\n      <!---->\n      <div data-colibri-id=\"278-c10\" class=\"h-row-container gutters-row-lg-0 gutters-row-md-0 gutters-row-0 gutters-row-v-lg-0 gutters-row-v-md-0 gutters-row-v-0 style-509 style-local-278-c10 position-relative\">\n        <!---->\n        <div class=\"h-row justify-content-lg-center justify-content-md-center justify-content-center align-items-lg-stretch align-items-md-stretch align-items-stretch gutters-col-lg-0 gutters-col-md-0 gutters-col-0 gutters-col-v-lg-0 gutters-col-v-md-0 gutters-col-v-0\">\n          <!---->\n          <div class=\"h-column h-column-container d-flex h-col-lg-auto h-col-md-auto h-col-auto style-510-outer style-local-278-c11-outer\">\n            <div data-colibri-id=\"278-c11\" class=\"d-flex h-flex-basis h-column__inner h-px-lg-0 h-px-md-0 h-px-0 v-inner-lg-0 v-inner-md-0 v-inner-0 style-510 style-local-278-c11 position-relative\">\n              <!---->\n              <!---->\n              <div class=\"w-100 h-y-container h-column__content h-column__v-align flex-basis-100 align-self-lg-start align-self-md-start align-self-start\">\n                <!---->\n                <div data-colibri-id=\"278-c12\" class=\"h-global-transition-all h-heading style-511 style-local-278-c12 position-relative h-element\">\n                  <!---->\n                  <div class=\"h-heading__outer style-511 style-local-278-c12\">\n                    <!---->\n                    <!---->\n                    <h5 class=\"\">16:30h.<\/h5>\n                  <\/div>\n                <\/div>\n                <div data-colibri-id=\"278-c13\" class=\"h-global-transition-all h-heading style-512 style-local-278-c13 position-relative h-element\">\n                  <!---->\n                  <div class=\"h-heading__outer style-512 style-local-278-c13\">\n                    <!---->\n                    <!---->\n                    <h2 class=\"\">Procesi\u00f3n del Santo Cristo del Desenclavo<\/h2>\n                  <\/div>\n                <\/div>\n                <div data-colibri-id=\"278-c14\" class=\"h-text h-text-component style-513 style-local-278-c14 position-relative h-element\">\n                  <!---->\n                  <!---->\n                  <div class=\"\">\n                    <p><strong style=\"font-weight: 700;\">Organiza<\/strong>:&nbsp;Cofrad\u00eda Santo Cristo del Desenclavo<\/p>\n                    <p><strong style=\"font-weight: 700;\">Lugar y hora de salida<\/strong>:&nbsp;Patio del Colegio Leon\u00e9s, frente a la Iglesia de Santa Marina la Real, a las 16:30 horas.<\/p>\n                    <p><strong style=\"font-weight: 700;\">Itinerario<\/strong>:&nbsp;Colegio Leon\u00e9s, Serranos, Plaza del Vizconde, Convento, Cardenal Land\u00e1zuri (Canto de la Salve por las MM. Franciscanas&nbsp;Clarisas Descalzas desde el interior del Convento\n                      de la Santa Cruz ante la imagen de Nuestra Madre Mar\u00eda del Desconsuelo),&nbsp;Plaza de Regla, Ancha, Cid, Plaza San Isidoro -donde se celebrar\u00e1 el ACTO DEL DESENCLAVO DE CRISTO hacia las 18.30,&nbsp;contando como testigos a la Muy\n                      Iltre. Real e Imperial Cofrad\u00eda del Pend\u00f3n de San Isidoro y el Cabildo Isidoriano en el Atrio&nbsp;de la Puerta del Perd\u00f3n de la Real Bas\u00edlica de San Isidoro-, a continuaci\u00f3n la procesi\u00f3n continuar\u00e1 con el siguiente recorrido:&nbsp;Sacramento,Plaza\n                      de Santo Martino, Plaza Puerta Castillo, Serranos y Colegio Leon\u00e9s.<\/p>\n                    <p>\n                      <br>\n                    <\/p>\n                    <p>\n                      <br>\n                    <\/p>\n                  <\/div>\n                <\/div>\n                <div data-colibri-id=\"278-c15\" class=\"h-x-container style-926 style-local-278-c15 position-relative h-element\">\n                  <!---->\n                  <div class=\"h-x-container-inner style-dynamic-278-c15-group style-926-spacing style-local-278-c15-spacing\"><span class=\"h-link__outer style-927-outer style-local-278-c16-outer d-inline-flex h-element\"><a h-use-smooth-scroll=\"true\" href=\"https:\/\/semanasantadeleon.com\/Nuevo\/semanasanta\/recorrido-virtual\/#sabado_santo\"  data-colibri-id=\"278-c16\" class=\"d-flex w-100 align-items-center h-link style-927 style-local-278-c16 position-relative\"><!----><span  class=\"h-svg-icon h-link__icon style-927-icon style-local-278-c16-icon\"><!--Icon by Font Awesome (https:\/\/fontawesome.com)-->\n    <svg version=\"1.1\" xmlns=\"http:\/\/www.w3.org\/2000\/svg\" xmlns:xlink=\"http:\/\/www.w3.org\/1999\/xlink\" id=\"location-arrow\" viewBox=\"0 0 1408 1896.0833\">\n      <path d=\"M1401 349L761 1629q-17 35-57 35-5 0-15-2-22-5-35.5-22.5T640 1600v-576H64q-22 0-39.5-13.5T2 975t4-42 29-30l1280-640q13-7 29-7 27 0 45 19 15 14 18.5 34.5T1401 349z\"><\/path>\n    <\/svg><\/span> <span>Ir al recorrido<\/span><\/a>\n                    <\/span>\n                  <\/div>\n                <\/div>\n              <\/div>\n            <\/div>\n          <\/div>\n          <div class=\"h-column h-column-container d-flex h-col-lg-auto h-col-md-auto h-col-auto style-514-outer style-local-278-c17-outer\">\n            <div data-colibri-id=\"278-c17\" class=\"d-flex h-flex-basis h-column__inner h-ui-empty-state-container h-px-lg-2 h-px-md-2 h-px-2 v-inner-lg-2 v-inner-md-2 v-inner-2 style-514 style-local-278-c17 position-relative\">\n              <!---->\n              <!---->\n              <div class=\"w-100 h-y-container h-column__content h-column__v-align flex-basis-100\">\n                <!---->\n              <\/div>\n            <\/div>\n          <\/div>\n        <\/div>\n      <\/div>\n    <\/div>\n  <\/div>\n  <div data-colibri-component=\"section\" data-colibri-id=\"278-c18\" id=\"about-2\" class=\"h-section h-section-global-spacing d-flex align-items-lg-center align-items-md-center align-items-center style-515 style-local-278-c18 position-relative\">\n    <!---->\n    <!---->\n    <div class=\"h-section-grid-container h-section-boxed-container\">\n      <!---->\n      <div data-colibri-id=\"278-c19\" class=\"h-row-container gutters-row-lg-0 gutters-row-md-0 gutters-row-0 gutters-row-v-lg-0 gutters-row-v-md-0 gutters-row-v-0 style-516 style-local-278-c19 position-relative\">\n        <!---->\n        <div class=\"h-row justify-content-lg-center justify-content-md-center justify-content-center align-items-lg-stretch align-items-md-stretch align-items-stretch gutters-col-lg-0 gutters-col-md-0 gutters-col-0 gutters-col-v-lg-0 gutters-col-v-md-0 gutters-col-v-0\">\n          <!---->\n          <div class=\"h-column h-column-container d-flex h-col-lg-auto h-col-md-auto h-col-auto style-517-outer style-local-278-c20-outer\">\n            <div data-colibri-id=\"278-c20\" class=\"d-flex h-flex-basis h-column__inner h-ui-empty-state-container h-px-lg-0 h-px-md-0 h-px-0 v-inner-lg-0 v-inner-md-0 v-inner-0 style-517 style-local-278-c20 position-relative\">\n              <!---->\n              <!---->\n              <div class=\"w-100 h-y-container h-column__content h-column__v-align flex-basis-100\">\n                <!---->\n              <\/div>\n            <\/div>\n          <\/div>\n          <div class=\"h-column h-column-container d-flex h-col-lg-auto h-col-md-auto h-col-auto style-518-outer style-local-278-c21-outer\">\n            <div data-colibri-id=\"278-c21\" class=\"d-flex h-flex-basis h-column__inner h-px-lg-2 h-px-md-2 h-px-2 v-inner-lg-2 v-inner-md-2 v-inner-2 style-518 style-local-278-c21 position-relative\">\n              <!---->\n              <!---->\n              <div class=\"w-100 h-y-container h-column__content h-column__v-align flex-basis-100 align-self-lg-start align-self-md-start align-self-start\">\n                <!---->\n                <div data-colibri-id=\"278-c22\" class=\"h-global-transition-all h-heading style-519 style-local-278-c22 position-relative h-element\">\n                  <!---->\n                  <div class=\"h-heading__outer style-519 style-local-278-c22\">\n                    <!---->\n                    <!---->\n                    <h5 class=\"\">19:00h.<\/h5>\n                  <\/div>\n                <\/div>\n                <div data-colibri-id=\"278-c23\" class=\"h-global-transition-all h-heading style-520 style-local-278-c23 position-relative h-element\">\n                  <!---->\n                  <div class=\"h-heading__outer style-520 style-local-278-c23\">\n                    <!---->\n                    <!---->\n                    <h2 class=\"\">Procesi\u00f3n de la Soledad<\/h2>\n                  <\/div>\n                <\/div>\n                <div data-colibri-id=\"278-c24\" class=\"h-text h-text-component style-521 style-local-278-c24 position-relative h-element\">\n                  <!---->\n                  <!---->\n                  <div class=\"\">\n                    <p><strong style=\"font-weight: 700;\">Organiza<\/strong>:&nbsp;Real Hermandad de Jes\u00fas Divino Obrero.<\/p>\n                    <p><strong style=\"font-weight: 700;\">Lugar de salida&nbsp;<\/strong><strong style=\"font-weight: 700; font-size: 16px; font-family: &quot;Open Sans&quot;; color: rgb(122, 37, 111);\">y hora<\/strong>: Iglesia Parroquial de Jes\u00fas Divino Obrero\n                      a las 19:00 horas.<\/p>\n                    <p><strong style=\"font-weight: 700;\">Itinerario<\/strong>: Iglesia Parroquial Jes\u00fas Divino Obrero, V\u00edctor de los R\u00edos, Obispo Almarcha, Jos\u00e9 Mar\u00eda Fern\u00e1ndez, San Pedro, Puerta Obispo, Plaza de Regla, Sierra Pambley, Ancha, Varillas, Cardiles,\n                      Plater\u00edas, Plegaria (ofrenda floral al Cristo de Fuera de la Iglesia San Mart\u00edn), Plaza Mayor, Santa Cruz, Puerta Sol, Daoiz y Velarde, San Pablo, V\u00edctor de los R\u00edos e Iglesia de Jes\u00fas Divino Obrero.<\/p>\n                  <\/div>\n                <\/div>\n              <\/div>\n            <\/div>\n          <\/div>\n        <\/div>\n      <\/div>\n    <\/div>\n  <\/div>\n  <div data-colibri-component=\"section\" data-colibri-id=\"278-c25\" id=\"about-3\" class=\"h-section h-section-global-spacing d-flex align-items-lg-center align-items-md-center align-items-center style-522 style-local-278-c25 position-relative\">\n    <!---->\n    <!---->\n    <div class=\"h-section-grid-container h-section-boxed-container\">\n      <!---->\n      <div data-colibri-id=\"278-c26\" class=\"h-row-container gutters-row-lg-0 gutters-row-md-0 gutters-row-0 gutters-row-v-lg-0 gutters-row-v-md-0 gutters-row-v-0 style-523 style-local-278-c26 position-relative\">\n        <!---->\n        <div class=\"h-row justify-content-lg-center justify-content-md-center justify-content-center align-items-lg-stretch align-items-md-stretch align-items-stretch gutters-col-lg-0 gutters-col-md-0 gutters-col-0 gutters-col-v-lg-0 gutters-col-v-md-0 gutters-col-v-0\">\n          <!---->\n          <div class=\"h-column h-column-container d-flex h-col-lg-auto h-col-md-auto h-col-auto style-524-outer style-local-278-c27-outer\">\n            <div data-colibri-id=\"278-c27\" class=\"d-flex h-flex-basis h-column__inner h-px-lg-0 h-px-md-0 h-px-0 v-inner-lg-0 v-inner-md-0 v-inner-0 style-524 style-local-278-c27 position-relative\">\n              <!---->\n              <!---->\n              <div class=\"w-100 h-y-container h-column__content h-column__v-align flex-basis-100 align-self-lg-start align-self-md-start align-self-start\">\n                <!---->\n                <div data-colibri-id=\"278-c28\" class=\"h-global-transition-all h-heading style-525 style-local-278-c28 position-relative h-element\">\n                  <!---->\n                  <div class=\"h-heading__outer style-525 style-local-278-c28\">\n                    <!---->\n                    <!---->\n                    <h5 class=\"\">19:15h.<\/h5>\n                  <\/div>\n                <\/div>\n                <div data-colibri-id=\"278-c29\" class=\"h-global-transition-all h-heading style-526 style-local-278-c29 position-relative h-element\">\n                  <!---->\n                  <div class=\"h-heading__outer style-526 style-local-278-c29\">\n                    <!---->\n                    <!---->\n                    <h2 class=\"\">Procesi\u00f3n Camino de la Luz<\/h2>\n                  <\/div>\n                <\/div>\n                <div data-colibri-id=\"278-c30\" class=\"h-text h-text-component style-527 style-local-278-c30 position-relative h-element\">\n                  <!---->\n                  <!---->\n                  <div class=\"\">\n                    <p><strong style=\"font-weight: 700;\">Organiza<\/strong>: Cofrad\u00eda Santo Sepulcro \u2013 Esperanza de la Vida.<\/p>\n                    <p><strong style=\"font-weight: 700;\">Lugar de salida&nbsp;<\/strong><strong style=\"font-weight: 700; color: rgb(122, 37, 111); font-family: &quot;Open Sans&quot;; font-size: 16px;\">y hora<\/strong>:&nbsp;Atrio de la Catedral de Le\u00f3n, a\n                      las 19:15 horas.<\/p>\n                    <p><strong style=\"font-weight: 700;\">Itinerario<\/strong>:&nbsp;Plaza de Regla , Mariano Dom\u00ednguez Berrueta, Plaza Mayor (sin vuelta), Plegaria (entrega del fuego en la Parroquia de San Mart\u00edn), Plaza de San Mart\u00edn, Zapater\u00edas, Plaza de\n                      Don Gutierre, Fern\u00e1ndez Cad\u00f3rniga, Plaza de las Concepciones (entrega del fuego en el Convento de las RR.MM. Concepcionistas), R\u00faa, Teatro (intervenci\u00f3n coro Parroquial San Froil\u00e1n), Plaza de San Marcelo, (entrega del fuego en la\n                      Parroquia de San Marcelo), Hermandad Santa Marta Sagrada Cena, Ancha, Plaza de Regla, S.I. Catedral (entrega del fuego y celebraci\u00f3n de la Vigilia Pascual, a las 23:00 horas).<\/p>\n                  <\/div>\n                <\/div>\n              <\/div>\n            <\/div>\n          <\/div>\n          <div class=\"h-column h-column-container d-flex h-col-lg-auto h-col-md-auto h-col-auto style-528-outer style-local-278-c31-outer\">\n            <div data-colibri-id=\"278-c31\" class=\"d-flex h-flex-basis h-column__inner h-ui-empty-state-container h-px-lg-2 h-px-md-2 h-px-2 v-inner-lg-2 v-inner-md-2 v-inner-2 style-528 style-local-278-c31 position-relative\">\n              <!---->\n              <!---->\n              <div class=\"w-100 h-y-container h-column__content h-column__v-align flex-basis-100\">\n                <!---->\n              <\/div>\n            <\/div>\n          <\/div>\n        <\/div>\n      <\/div>\n    <\/div>\n  <\/div>\n  <div data-colibri-component=\"section\" data-colibri-id=\"278-c32\" id=\"reusable-sections\" class=\"h-section h-section-global-spacing d-flex align-items-lg-center align-items-md-center align-items-center style-529 style-local-278-c32 position-relative\">\n    <!---->\n    <!---->\n    <div class=\"h-section-grid-container h-section-boxed-container\">\n      <!---->\n      <div data-colibri-id=\"278-c33\" class=\"h-row-container gutters-row-lg-0 gutters-row-md-0 gutters-row-0 gutters-row-v-lg-0 gutters-row-v-md-0 gutters-row-v-0 style-530 style-local-278-c33 position-relative\">\n        <!---->\n        <div class=\"h-row justify-content-lg-center justify-content-md-center justify-content-center align-items-lg-stretch align-items-md-stretch align-items-stretch gutters-col-lg-0 gutters-col-md-0 gutters-col-0 gutters-col-v-lg-0 gutters-col-v-md-0 gutters-col-v-0\">\n          <!---->\n          <div class=\"h-column h-column-container d-flex h-col-lg-auto h-col-md-auto h-col-auto style-531-outer style-local-278-c34-outer\">\n            <div data-colibri-id=\"278-c34\" class=\"d-flex h-flex-basis h-column__inner h-ui-empty-state-container h-px-lg-0 h-px-md-0 h-px-0 v-inner-lg-0 v-inner-md-0 v-inner-0 style-531 style-local-278-c34 position-relative\">\n              <!---->\n              <!---->\n              <div class=\"w-100 h-y-container h-column__content h-column__v-align flex-basis-100\">\n                <!---->\n              <\/div>\n            <\/div>\n          <\/div>\n          <div class=\"h-column h-column-container d-flex h-col-lg-auto h-col-md-auto h-col-auto style-532-outer style-local-278-c35-outer\">\n            <div data-colibri-id=\"278-c35\" class=\"d-flex h-flex-basis h-column__inner h-px-lg-2 h-px-md-2 h-px-2 v-inner-lg-2 v-inner-md-2 v-inner-2 style-532 style-local-278-c35 position-relative\">\n              <!---->\n              <!---->\n              <div class=\"w-100 h-y-container h-column__content h-column__v-align flex-basis-100 align-self-lg-start align-self-md-start align-self-start\">\n                <!---->\n                <div data-colibri-id=\"278-c36\" class=\"h-global-transition-all h-heading style-533 style-local-278-c36 position-relative h-element\">\n                  <!---->\n                  <div class=\"h-heading__outer style-533 style-local-278-c36\">\n                    <!---->\n                    <!---->\n                    <h5 class=\"\">24:00h.<\/h5>\n                  <\/div>\n                <\/div>\n                <div data-colibri-id=\"278-c37\" class=\"h-global-transition-all h-heading style-534 style-local-278-c37 position-relative h-element\">\n                  <!---->\n                  <div class=\"h-heading__outer style-534 style-local-278-c37\">\n                    <!---->\n                    <!---->\n                    <h2 class=\"\">Piadoso V\u00eda Luc\u00eds<\/h2>\n                  <\/div>\n                <\/div>\n                <div data-colibri-id=\"278-c38\" class=\"h-text h-text-component style-535 style-local-278-c38 position-relative h-element\">\n                  <!---->\n                  <!---->\n                  <div class=\"\">\n                    <p><strong style=\"font-weight: 700;\">Organiza<\/strong>: Sacramental y Penitencial Cofrad\u00eda de Nuestro Padre Jes\u00fas Sacramentado y Mar\u00eda Sant\u00edsima de la Piedad, Amparo de los Leoneses.<\/p>\n                    <p><strong style=\"font-weight: 700;\">Lugar de salida&nbsp;<\/strong><strong style=\"font-weight: 700; font-size: 16px; font-family: &quot;Open Sans&quot;; color: rgb(122, 37, 111);\">y hora<\/strong>: Bas\u00edlica de San Isidoro, sobre las 23:00\n                      horas.<\/p>\n                    <p><strong style=\"font-weight: 700;\">Itinerario<\/strong>: En la Bas\u00edlica de San Isidoro a las 23:00 horas tendr\u00e1 lugar la Vigilia Pascual. Una vez finalizada, se realizar\u00e1 el Piadoso V\u00eda Lucis en el Claustro de la Bas\u00edlica de San Isidoro\n                      a las 01:00 horas.<\/p>\n                  <\/div>\n                <\/div>\n              <\/div>\n            <\/div>\n          <\/div>\n        <\/div>\n      <\/div>\n    <\/div>\n  <\/div>\n<\/div>","protected":false},"excerpt":{"rendered":"<p>16:30h. PROCESI\u00d3N DEL SANTO CRISTO DEL DESENCLAVO Organiza:&nbsp;Cofrad\u00eda del Santo Cristo del Desenclavo. Lugar de salida&nbsp;y hora: Patio del Colegio Leon\u00e9s, a las 16:30 horas Itinerario:&nbsp;Patio del Colegio Leon\u00e9s frente a la Iglesia de Santa Marina la Real, Colegio Leon\u00e9s, Serranos, Plaza del Desenclavo, Plaza del Vizconde, Convento, Cardenal Land\u00e1zuri (Canto de la Salve por [&hellip;]<\/p>\n","protected":false},"author":1,"featured_media":0,"parent":0,"menu_order":0,"comment_status":"closed","ping_status":"closed","template":"page-templates\/full-width-page.php","meta":{"footnotes":""},"class_list":["post-278","page","type-page","status-publish","hentry"],"_links":{"self":[{"href":"https:\/\/semanasantadeleon.com\/Nuevo\/semanasanta\/wp-json\/wp\/v2\/pages\/278","targetHints":{"allow":["GET"]}}],"collection":[{"href":"https:\/\/semanasantadeleon.com\/Nuevo\/semanasanta\/wp-json\/wp\/v2\/pages"}],"about":[{"href":"https:\/\/semanasantadeleon.com\/Nuevo\/semanasanta\/wp-json\/wp\/v2\/types\/page"}],"author":[{"embeddable":true,"href":"https:\/\/semanasantadeleon.com\/Nuevo\/semanasanta\/wp-json\/wp\/v2\/users\/1"}],"replies":[{"embeddable":true,"href":"https:\/\/semanasantadeleon.com\/Nuevo\/semanasanta\/wp-json\/wp\/v2\/comments?post=278"}],"version-history":[{"count":15,"href":"https:\/\/semanasantadeleon.com\/Nuevo\/semanasanta\/wp-json\/wp\/v2\/pages\/278\/revisions"}],"predecessor-version":[{"id":3112,"href":"https:\/\/semanasantadeleon.com\/Nuevo\/semanasanta\/wp-json\/wp\/v2\/pages\/278\/revisions\/3112"}],"wp:attachment":[{"href":"https:\/\/semanasantadeleon.com\/Nuevo\/semanasanta\/wp-json\/wp\/v2\/media?parent=278"}],"curies":[{"name":"wp","href":"https:\/\/api.w.org\/{rel}","templated":true}]}}