{"id":268,"date":"2026-03-11T08:51:26","date_gmt":"2026-03-11T08:51:26","guid":{"rendered":"https:\/\/semanasantadeleon.com\/Nuevo\/semanasanta\/?page_id=268"},"modified":"2026-03-12T10:50:48","modified_gmt":"2026-03-12T10:50:48","slug":"viernes-santo-2","status":"publish","type":"page","link":"https:\/\/semanasantadeleon.com\/Nuevo\/semanasanta\/viernes-santo-2\/","title":{"rendered":"3 de abril. Viernes Santo"},"content":{"rendered":"<div data-colibri-id=\"268-c1\" class=\"style-478 style-local-268-c1 position-relative\">\n  <!---->\n  <div data-colibri-component=\"section\" data-colibri-id=\"268-c2\" id=\"reusable-sections-4\" class=\"h-section h-section-global-spacing d-flex align-items-lg-center align-items-md-center align-items-center style-1249 style-local-268-c2 position-relative\">\n    <!---->\n    <!---->\n    <div class=\"h-section-grid-container h-section-boxed-container\">\n      <!---->\n      <div data-colibri-id=\"268-c3\" class=\"h-row-container gutters-row-lg-0 gutters-row-md-0 gutters-row-0 gutters-row-v-lg-0 gutters-row-v-md-0 gutters-row-v-0 style-1250 style-local-268-c3 position-relative\">\n        <!---->\n        <div class=\"h-row justify-content-lg-center justify-content-md-center justify-content-center align-items-lg-stretch align-items-md-stretch align-items-stretch gutters-col-lg-0 gutters-col-md-0 gutters-col-0 gutters-col-v-lg-0 gutters-col-v-md-0 gutters-col-v-0\">\n          <!---->\n          <div class=\"h-column h-column-container d-flex h-col-lg-auto h-col-md-auto h-col-auto style-1251-outer style-local-268-c4-outer\">\n            <div data-colibri-id=\"268-c4\" class=\"d-flex h-flex-basis h-column__inner h-px-lg-0 h-px-md-0 h-px-0 v-inner-lg-0 v-inner-md-0 v-inner-0 style-1251 style-local-268-c4 position-relative\">\n              <!---->\n              <!---->\n              <div class=\"w-100 h-y-container h-column__content h-column__v-align flex-basis-100 align-self-lg-start align-self-md-start align-self-start\">\n                <!---->\n                <div data-colibri-id=\"268-c5\" class=\"h-global-transition-all h-heading style-1252 style-local-268-c5 position-relative h-element\">\n                  <!---->\n                  <div class=\"h-heading__outer style-1252 style-local-268-c5\">\n                    <!---->\n                    <!---->\n                    <h5 class=\"\">7:15h.<\/h5>\n                  <\/div>\n                <\/div>\n                <div data-colibri-id=\"268-c6\" class=\"h-global-transition-all h-heading style-1253 style-local-268-c6 position-relative h-element\">\n                  <!---->\n                  <div class=\"h-heading__outer style-1253 style-local-268-c6\">\n                    <!---->\n                    <!---->\n                    <h2 class=\"\">PROCESI\u00d3N DE Los pasos<\/h2>\n                  <\/div>\n                <\/div>\n                <div data-colibri-id=\"268-c7\" class=\"h-text h-text-component style-1254 style-local-268-c7 position-relative h-element\">\n                  <!---->\n                  <!---->\n                  <div class=\"\">\n                    <p><strong style=\"font-weight: 700;\">Organiza<\/strong>: Cofrad\u00eda del Dulce Nombre de Jes\u00fas Nazareno.<\/p>\n                    <p><strong style=\"font-weight: 700;\">Lugar de salida&nbsp;<\/strong><strong style=\"font-weight: 700; color: rgb(122, 37, 111); font-family: &quot;Open Sans&quot;; font-size: 16px;\">y hora<\/strong>: Capilla de Santa Nonia, a las 7:15 horas.<\/p>\n                    <p><strong style=\"font-weight: 700;\">Itinerario<\/strong>:&nbsp;Capilla de Santa Nonia, Cofrad\u00eda del Dulce Nombre de Jes\u00fas Nazareno, Jard\u00edn de San Francisco, Plaza de San Francisco, San Francisco, Hospicio, Escurial, Plaza de Santa Mar\u00eda\n                      del Camino (del Grano), Cuesta de las Carbajalas, Cofrad\u00eda Nuestra Se\u00f1ora de las Angustias y Soledad, Cuesta de los Casta\u00f1ones (al comenzar esta calle, el Paso \u00abSan Juan\u00bb se derivar\u00e1 por Juan de Arfe, Plaza San Mart\u00edn y Plegaria\n                      para desembocar en la Plaza Mayor). El resto de la procesi\u00f3n continuar\u00e1 su marcha por Santa Cruz y Plaza Mayor, donde se celebrar\u00e1 el acto de &#8216;El Encuentro&#8217;. Continuar\u00e1 por Mariano Dom\u00ednguez Berrueta, Plaza de Regla, Cardenal Land\u00e1zuri,\n                      Convento, Plaza del Vizconde, Plaza del Desenclavo, Serranos, Plaza de Puerta Castillo y Plaza de Santo Martino, donde se efectuar\u00e1 el descanso. Tras el descanso, la Procesi\u00f3n reanudar\u00e1 el recorrido por Sacramento, Plaza de San Isidoro,\n                      Cid, Ancha, Plaza de San Marcelo, Plaza de Santo Domingo (sin vuelta), Independencia, Arco de \u00e1nimas, Plaza de San Marcelo, Teatro, R\u00faa, Plaza de las Concepciones, San Francisco, Plaza de San Francisco, Jard\u00edn de San Francisco, Cofrad\u00eda\n                      del Dulce Nombre de Jes\u00fas Nazareno y Capilla de Santa Nonia.<\/p>\n                  <\/div>\n                <\/div>\n              <\/div>\n            <\/div>\n          <\/div>\n          <div class=\"h-column h-column-container d-flex h-col-lg-auto h-col-md-auto h-col-auto style-1255-outer style-local-268-c8-outer\">\n            <div data-colibri-id=\"268-c8\" class=\"d-flex h-flex-basis h-column__inner h-ui-empty-state-container h-px-lg-2 h-px-md-2 h-px-2 v-inner-lg-2 v-inner-md-2 v-inner-2 style-1255 style-local-268-c8 position-relative\">\n              <!---->\n              <!---->\n              <div class=\"w-100 h-y-container h-column__content h-column__v-align flex-basis-100\">\n                <!---->\n              <\/div>\n            <\/div>\n          <\/div>\n        <\/div>\n      <\/div>\n    <\/div>\n  <\/div>\n  <div data-colibri-component=\"section\" data-colibri-id=\"268-c9\" id=\"about\" class=\"h-section h-section-global-spacing d-flex align-items-lg-center align-items-md-center align-items-center style-479 style-local-268-c9 position-relative\">\n    <!---->\n    <!---->\n    <div class=\"h-section-grid-container h-section-boxed-container\">\n      <!---->\n      <div data-colibri-id=\"268-c10\" class=\"h-row-container gutters-row-lg-0 gutters-row-md-0 gutters-row-0 gutters-row-v-lg-0 gutters-row-v-md-0 gutters-row-v-0 style-480 style-local-268-c10 position-relative\">\n        <!---->\n        <div class=\"h-row justify-content-lg-center justify-content-md-center justify-content-center align-items-lg-stretch align-items-md-stretch align-items-stretch gutters-col-lg-0 gutters-col-md-0 gutters-col-0 gutters-col-v-lg-0 gutters-col-v-md-0 gutters-col-v-0\">\n          <!---->\n          <div class=\"h-column h-column-container d-flex h-col-lg-auto h-col-md-auto h-col-auto style-481-outer style-local-268-c11-outer\">\n            <div data-colibri-id=\"268-c11\" class=\"d-flex h-flex-basis h-column__inner h-px-lg-0 h-px-md-0 h-px-0 v-inner-lg-0 v-inner-md-0 v-inner-0 style-481 style-local-268-c11 position-relative\">\n              <!---->\n              <!---->\n              <div class=\"w-100 h-y-container h-column__content h-column__v-align flex-basis-100 align-self-lg-start align-self-md-start align-self-start\">\n                <!---->\n                <div data-colibri-id=\"268-c12\" class=\"h-global-transition-all h-heading style-482 style-local-268-c12 position-relative h-element\">\n                  <!---->\n                  <div class=\"h-heading__outer style-482 style-local-268-c12\">\n                    <!---->\n                    <!---->\n                    <h5 class=\"\">7:15h.<\/h5>\n                  <\/div>\n                <\/div>\n                <div data-colibri-id=\"268-c13\" class=\"h-global-transition-all h-heading style-483 style-local-268-c13 position-relative h-element\">\n                  <!---->\n                  <div class=\"h-heading__outer style-483 style-local-268-c13\">\n                    <!---->\n                    <!---->\n                    <h2 class=\"\">Procesi\u00f3n de los Pasos<\/h2>\n                  <\/div>\n                <\/div>\n                <div data-colibri-id=\"268-c14\" class=\"h-text h-text-component style-484 style-local-268-c14 position-relative h-element\">\n                  <!---->\n                  <!---->\n                  <div class=\"\">\n                    <p><strong style=\"font-weight: 700;\">Menci\u00f3n especial en la declaraci\u00f3n de Inter\u00e9s Tur\u00edstico Internacional<\/strong><\/p>\n                    <p><strong style=\"font-weight: 700;\">Organiza<\/strong>: Cofrad\u00eda Dulce Nombre de Jes\u00fas Nazareno.<\/p>\n                    <p><strong style=\"font-weight: 700;\">Lugar y hora de salida<\/strong>:&nbsp;Capilla de Santa Nonia, a las 7:15 horas.&nbsp;&nbsp;<\/p>\n                    <p>\n                      <br>\n                    <\/p>\n                    <p><strong style=\"font-weight: 700;\">Itinerario<\/strong>: Capilla de Santa Nonia, Cofrad\u00eda Dulce Nombre de Jes\u00fas Nazareno, Jard\u00edn de San Francisco, Plaza de San Francisco, San&nbsp;Francisco, Hospicio, Escurial, Plaza de Santa Mar\u00eda del\n                      Camino (del Grano), Cuesta de las Carbajalas, La Redenci\u00f3n, Cofradia&nbsp;Nuestra Se\u00f1ora de las Angustias y Soledad, Cuesta de los Casta\u00f1ones (al comenzar esta calle, el Paso \u201cSan Juan\u201d se derivar\u00e1&nbsp;por Juan de Arfe, Plaza San\n                      Mart\u00edn y Plegaria para desembocar en la Plaza Mayor). El resto de la procesi\u00f3n continuar\u00e1 su&nbsp;marcha por Santa Cruz y Plaza Mayor, donde se celebrar\u00e1 el acto de \u201cEl Encuentro\u201d. Continuar\u00e1 por Mariano Dom\u00ednguez&nbsp;Berrueta,\n                      Plaza de Regla, Cardenal Land\u00e1zuri, Convento, Plaza del Vizconde, Serranos, Plaza de Puerta Castillo y Plaza de&nbsp;Santo Martino, donde se efectuar\u00e1 el descanso.\n                      <br>Tras el descanso, la procesi\u00f3n reanudar\u00e1 el recorrido por Sacramento, Plaza de San Isidoro, Cid, Ancha, Plaza de San&nbsp;Marcelo, Plaza de Santo Domingo (sin vuelta), Independencia, General Lafuente, R\u00faa, Plaza de las Concepciones,\n                      San&nbsp;Francisco, Plaza de San Francisco, Jard\u00edn de San Francisco, Cofrad\u00eda Dulce Nombre de Jes\u00fas Nazareno y Capilla de Santa&nbsp;Nonia.<\/p>\n                  <\/div>\n                <\/div>\n                <div data-colibri-id=\"268-c15\" class=\"h-x-container style-916 style-local-268-c15 position-relative h-element\">\n                  <!---->\n                  <div class=\"h-x-container-inner style-dynamic-268-c15-group style-916-spacing style-local-268-c15-spacing\"><span class=\"h-link__outer style-917-outer style-local-268-c16-outer d-inline-flex h-element\"><a h-use-smooth-scroll=\"true\" href=\"https:\/\/semanasantadeleon.com\/Nuevo\/semanasanta\/recorrido-virtual\/#viernes_santo\"  data-colibri-id=\"268-c16\" class=\"d-flex w-100 align-items-center h-link style-917 style-local-268-c16 position-relative\"><!----><span  class=\"h-svg-icon h-link__icon style-917-icon style-local-268-c16-icon\"><!--Icon by Font Awesome (https:\/\/fontawesome.com)-->\n    <svg version=\"1.1\" xmlns=\"http:\/\/www.w3.org\/2000\/svg\" xmlns:xlink=\"http:\/\/www.w3.org\/1999\/xlink\" id=\"location-arrow\" viewBox=\"0 0 1408 1896.0833\">\n      <path d=\"M1401 349L761 1629q-17 35-57 35-5 0-15-2-22-5-35.5-22.5T640 1600v-576H64q-22 0-39.5-13.5T2 975t4-42 29-30l1280-640q13-7 29-7 27 0 45 19 15 14 18.5 34.5T1401 349z\"><\/path>\n    <\/svg><\/span> <span>Ir al recorrido<\/span><\/a>\n                    <\/span>\n                  <\/div>\n                <\/div>\n              <\/div>\n            <\/div>\n          <\/div>\n          <div class=\"h-column h-column-container d-flex h-col-lg-auto h-col-md-auto h-col-auto style-485-outer style-local-268-c17-outer\">\n            <div data-colibri-id=\"268-c17\" class=\"d-flex h-flex-basis h-column__inner h-ui-empty-state-container h-px-lg-2 h-px-md-2 h-px-2 v-inner-lg-2 v-inner-md-2 v-inner-2 style-485 style-local-268-c17 position-relative\">\n              <!---->\n              <!---->\n              <div class=\"w-100 h-y-container h-column__content h-column__v-align flex-basis-100\">\n                <!---->\n              <\/div>\n            <\/div>\n          <\/div>\n        <\/div>\n      <\/div>\n    <\/div>\n  <\/div>\n  <div data-colibri-component=\"section\" data-colibri-id=\"268-c18\" id=\"about-2\" class=\"h-section h-section-global-spacing d-flex align-items-lg-center align-items-md-center align-items-center style-486 style-local-268-c18 position-relative\">\n    <!---->\n    <!---->\n    <div class=\"h-section-grid-container h-section-boxed-container\">\n      <!---->\n      <div data-colibri-id=\"268-c19\" class=\"h-row-container gutters-row-lg-0 gutters-row-md-0 gutters-row-0 gutters-row-v-lg-0 gutters-row-v-md-0 gutters-row-v-0 style-487 style-local-268-c19 position-relative\">\n        <!---->\n        <div class=\"h-row justify-content-lg-center justify-content-md-center justify-content-center align-items-lg-stretch align-items-md-stretch align-items-stretch gutters-col-lg-0 gutters-col-md-0 gutters-col-0 gutters-col-v-lg-0 gutters-col-v-md-0 gutters-col-v-0\">\n          <!---->\n          <div class=\"h-column h-column-container d-flex h-col-lg-auto h-col-md-auto h-col-auto style-488-outer style-local-268-c20-outer\">\n            <div data-colibri-id=\"268-c20\" class=\"d-flex h-flex-basis h-column__inner h-ui-empty-state-container h-px-lg-0 h-px-md-0 h-px-0 v-inner-lg-0 v-inner-md-0 v-inner-0 style-488 style-local-268-c20 position-relative\">\n              <!---->\n              <!---->\n              <div class=\"w-100 h-y-container h-column__content h-column__v-align flex-basis-100\">\n                <!---->\n              <\/div>\n            <\/div>\n          <\/div>\n          <div class=\"h-column h-column-container d-flex h-col-lg-auto h-col-md-auto h-col-auto style-489-outer style-local-268-c21-outer\">\n            <div data-colibri-id=\"268-c21\" class=\"d-flex h-flex-basis h-column__inner h-px-lg-2 h-px-md-2 h-px-2 v-inner-lg-2 v-inner-md-2 v-inner-2 style-489 style-local-268-c21 position-relative\">\n              <!---->\n              <!---->\n              <div class=\"w-100 h-y-container h-column__content h-column__v-align flex-basis-100 align-self-lg-start align-self-md-start align-self-start\">\n                <!---->\n                <div data-colibri-id=\"268-c22\" class=\"h-global-transition-all h-heading style-490 style-local-268-c22 position-relative h-element\">\n                  <!---->\n                  <div class=\"h-heading__outer style-490 style-local-268-c22\">\n                    <!---->\n                    <!---->\n                    <h5 class=\"\">18:00h.<\/h5>\n                  <\/div>\n                <\/div>\n                <div data-colibri-id=\"268-c23\" class=\"h-global-transition-all h-heading style-491 style-local-268-c23 position-relative h-element\">\n                  <!---->\n                  <div class=\"h-heading__outer style-491 style-local-268-c23\">\n                    <!---->\n                    <!---->\n                    <h2 class=\"\">adoraci\u00f3n de la cruz y desvelado del santo cristo del desenclavo<\/h2>\n                  <\/div>\n                <\/div>\n                <div data-colibri-id=\"268-c24\" class=\"h-text h-text-component style-492 style-local-268-c24 position-relative h-element\">\n                  <!---->\n                  <!---->\n                  <div class=\"\">\n                    <p><strong>Organiza<\/strong>: Parroquia de Santa Marina la Real y Cofrad\u00eda del Santo Cristo del Desenclavo.<\/p>\n                    <p><strong style=\"font-weight: 700;\">Lugar de salida y hora<\/strong>: Iglesia de Santa Marina la Real, a las 18:00 horas.<\/p>\n                    <p><strong style=\"color: rgb(122, 37, 111); font-family: &quot;Open Sans&quot;; font-size: 16px; font-weight: 700;\">Acto<\/strong>: Celebraci\u00f3n de los Oficios de la Pasi\u00f3n y Desvelado del Santo Cristo del Desenclavo.<\/p>\n                  <\/div>\n                <\/div>\n              <\/div>\n            <\/div>\n          <\/div>\n        <\/div>\n      <\/div>\n    <\/div>\n  <\/div>\n  <div data-colibri-component=\"section\" data-colibri-id=\"268-c25\" id=\"about-3\" class=\"h-section h-section-global-spacing d-flex align-items-lg-center align-items-md-center align-items-center style-493 style-local-268-c25 position-relative\">\n    <!---->\n    <!---->\n    <div class=\"h-section-grid-container h-section-boxed-container\">\n      <!---->\n      <div data-colibri-id=\"268-c26\" class=\"h-row-container gutters-row-lg-0 gutters-row-md-0 gutters-row-0 gutters-row-v-lg-0 gutters-row-v-md-0 gutters-row-v-0 style-494 style-local-268-c26 position-relative\">\n        <!---->\n        <div class=\"h-row justify-content-lg-center justify-content-md-center justify-content-center align-items-lg-stretch align-items-md-stretch align-items-stretch gutters-col-lg-0 gutters-col-md-0 gutters-col-0 gutters-col-v-lg-0 gutters-col-v-md-0 gutters-col-v-0\">\n          <!---->\n          <div class=\"h-column h-column-container d-flex h-col-lg-auto h-col-md-auto h-col-auto style-495-outer style-local-268-c27-outer\">\n            <div data-colibri-id=\"268-c27\" class=\"d-flex h-flex-basis h-column__inner h-px-lg-0 h-px-md-0 h-px-0 v-inner-lg-0 v-inner-md-0 v-inner-0 style-495 style-local-268-c27 position-relative\">\n              <!---->\n              <!---->\n              <div class=\"w-100 h-y-container h-column__content h-column__v-align flex-basis-100 align-self-lg-start align-self-md-start align-self-start\">\n                <!---->\n                <div data-colibri-id=\"268-c28\" class=\"h-global-transition-all h-heading style-496 style-local-268-c28 position-relative h-element\">\n                  <!---->\n                  <div class=\"h-heading__outer style-496 style-local-268-c28\">\n                    <!---->\n                    <!---->\n                    <h5 class=\"\">18:00h.<\/h5>\n                  <\/div>\n                <\/div>\n                <div data-colibri-id=\"268-c29\" class=\"h-global-transition-all h-heading style-497 style-local-268-c29 position-relative h-element\">\n                  <!---->\n                  <div class=\"h-heading__outer style-497 style-local-268-c29\">\n                    <!---->\n                    <!---->\n                    <h2 class=\"\">Procesi\u00f3n de las Siete Palabras<\/h2>\n                  <\/div>\n                <\/div>\n                <div data-colibri-id=\"268-c30\" class=\"h-text h-text-component style-498 style-local-268-c30 position-relative h-element\">\n                  <!---->\n                  <!---->\n                  <div class=\"\">\n                    <p><strong style=\"font-weight: 700;\">Organiza<\/strong>:&nbsp;Cofrad\u00eda Las Siete Palabras de Jes\u00fas en la Cruz.<\/p>\n                    <p><strong style=\"font-weight: 700;\">Lugar y hora de salida<\/strong>:&nbsp;Plaza de San Marcelo, a las 18:00 horas.<\/p>\n                    <p><strong style=\"font-weight: 700;\">Itinerario<\/strong>:&nbsp;Plaza de San Marcelo, Legi\u00f3n VII, Independencia, Santo Domingo (con vuelta), San Marcelo, Ruiz de Salazar, Cofrad\u00eda de Las Siete Palabras de Jes\u00fas en la Cruz, Lope de Vega,\n                      San Agust\u00edn, Alfonso V, Ordo\u00f1o II, Independencia, Legi\u00f3n VII y Plaza de San Marcelo.<\/p>\n                  <\/div>\n                <\/div>\n              <\/div>\n            <\/div>\n          <\/div>\n          <div class=\"h-column h-column-container d-flex h-col-lg-auto h-col-md-auto h-col-auto style-499-outer style-local-268-c33-outer\">\n            <div data-colibri-id=\"268-c33\" class=\"d-flex h-flex-basis h-column__inner h-ui-empty-state-container h-px-lg-2 h-px-md-2 h-px-2 v-inner-lg-2 v-inner-md-2 v-inner-2 style-499 style-local-268-c33 position-relative\">\n              <!---->\n              <!---->\n              <div class=\"w-100 h-y-container h-column__content h-column__v-align flex-basis-100\">\n                <!---->\n              <\/div>\n            <\/div>\n          <\/div>\n        <\/div>\n      <\/div>\n    <\/div>\n  <\/div>\n  <div data-colibri-component=\"section\" data-colibri-id=\"268-c34\" id=\"reusable-sections\" class=\"h-section h-section-global-spacing d-flex align-items-lg-center align-items-md-center align-items-center style-500 style-local-268-c34 position-relative\">\n    <!---->\n    <!---->\n    <div class=\"h-section-grid-container h-section-boxed-container\">\n      <!---->\n      <div data-colibri-id=\"268-c35\" class=\"h-row-container gutters-row-lg-0 gutters-row-md-0 gutters-row-0 gutters-row-v-lg-0 gutters-row-v-md-0 gutters-row-v-0 style-501 style-local-268-c35 position-relative\">\n        <!---->\n        <div class=\"h-row justify-content-lg-center justify-content-md-center justify-content-center align-items-lg-stretch align-items-md-stretch align-items-stretch gutters-col-lg-0 gutters-col-md-0 gutters-col-0 gutters-col-v-lg-0 gutters-col-v-md-0 gutters-col-v-0\">\n          <!---->\n          <div class=\"h-column h-column-container d-flex h-col-lg-auto h-col-md-auto h-col-auto style-502-outer style-local-268-c36-outer\">\n            <div data-colibri-id=\"268-c36\" class=\"d-flex h-flex-basis h-column__inner h-ui-empty-state-container h-px-lg-0 h-px-md-0 h-px-0 v-inner-lg-0 v-inner-md-0 v-inner-0 style-502 style-local-268-c36 position-relative\">\n              <!---->\n              <!---->\n              <div class=\"w-100 h-y-container h-column__content h-column__v-align flex-basis-100\">\n                <!---->\n              <\/div>\n            <\/div>\n          <\/div>\n          <div class=\"h-column h-column-container d-flex h-col-lg-auto h-col-md-auto h-col-auto style-503-outer style-local-268-c37-outer\">\n            <div data-colibri-id=\"268-c37\" class=\"d-flex h-flex-basis h-column__inner h-px-lg-2 h-px-md-2 h-px-2 v-inner-lg-2 v-inner-md-2 v-inner-2 style-503 style-local-268-c37 position-relative\">\n              <!---->\n              <!---->\n              <div class=\"w-100 h-y-container h-column__content h-column__v-align flex-basis-100 align-self-lg-start align-self-md-start align-self-start\">\n                <!---->\n                <div data-colibri-id=\"268-c38\" class=\"h-global-transition-all h-heading style-504 style-local-268-c38 position-relative h-element\">\n                  <!---->\n                  <div class=\"h-heading__outer style-504 style-local-268-c38\">\n                    <!---->\n                    <!---->\n                    <h5 class=\"\">18:00h.<\/h5>\n                  <\/div>\n                <\/div>\n                <div data-colibri-id=\"268-c39\" class=\"h-global-transition-all h-heading style-505 style-local-268-c39 position-relative h-element\">\n                  <!---->\n                  <div class=\"h-heading__outer style-505 style-local-268-c39\">\n                    <!---->\n                    <!---->\n                    <h2 class=\"\">Solemne y Oficial Procesi\u00f3n del Santo Entierro<\/h2>\n                  <\/div>\n                <\/div>\n                <div data-colibri-id=\"268-c40\" class=\"h-text h-text-component style-506 style-local-268-c40 position-relative h-element\">\n                  <!---->\n                  <!---->\n                  <div class=\"\">\n                    <p><strong style=\"font-weight: 700;\">Organiza<\/strong>: Cofrad\u00eda de Nuestra Se\u00f1ora de las Angustias y Soledad.<\/p>\n                    <p><strong style=\"font-weight: 700;\">Lugar de salida&nbsp;<\/strong><strong style=\"font-weight: 700; color: rgb(122, 37, 111); font-family: &quot;Open Sans&quot;; font-size: 16px;\">y hora<\/strong>:&nbsp;Capilla de Santa Nonia, a las 18:00\n                      horas.<\/p>\n                    <p><strong style=\"font-weight: 700;\">Itinerario<\/strong>:&nbsp;Capilla de Santa Nonia, Jard\u00edn de San Francisco, San Francisco, Hospicio, Escurial, Pl. Sta. Mar\u00eda del Camino, Cuesta de las Carbajalas, Cuesta de los Casta\u00f1ones, Santa Cruz,\n                      Plza. Mayor, Mariano Dom\u00ednguez Berrueta, Plza. de Regla, Cardenal Land\u00e1zuri, Convento, Plza. del Vizconde, Serranos, Puerta Castillo, Plza. Santo Martino, (descanso), Sacramento, plaza San Isidoro, El Cid, Ancha, Plza. San Marcelo,\n                      Santo Domingo, Independencia, General Lafuente, R\u00faa, Plaza de las Concepciones, San Francisco, Jard\u00edn de San Francisco e Iglesia Santa Nonia. El itinerario est\u00e1 sujeto a aprobaci\u00f3n por la Junta de Seises y ratificaci\u00f3n Junta General\n                      de Hermanos\/as.<\/p>\n                  <\/div>\n                <\/div>\n              <\/div>\n            <\/div>\n          <\/div>\n        <\/div>\n      <\/div>\n    <\/div>\n  <\/div>\n<\/div>","protected":false},"excerpt":{"rendered":"<p>7:15h. PROCESI\u00d3N DE Los pasos Organiza: Cofrad\u00eda del Dulce Nombre de Jes\u00fas Nazareno. Lugar de salida&nbsp;y hora: Capilla de Santa Nonia, a las 7:15 horas. Itinerario:&nbsp;Capilla de Santa Nonia, Cofrad\u00eda del Dulce Nombre de Jes\u00fas Nazareno, Jard\u00edn de San Francisco, Plaza de San Francisco, San Francisco, Hospicio, Escurial, Plaza de Santa Mar\u00eda del Camino (del [&hellip;]<\/p>\n","protected":false},"author":1,"featured_media":0,"parent":0,"menu_order":0,"comment_status":"closed","ping_status":"closed","template":"page-templates\/full-width-page.php","meta":{"footnotes":""},"class_list":["post-268","page","type-page","status-publish","hentry"],"_links":{"self":[{"href":"https:\/\/semanasantadeleon.com\/Nuevo\/semanasanta\/wp-json\/wp\/v2\/pages\/268","targetHints":{"allow":["GET"]}}],"collection":[{"href":"https:\/\/semanasantadeleon.com\/Nuevo\/semanasanta\/wp-json\/wp\/v2\/pages"}],"about":[{"href":"https:\/\/semanasantadeleon.com\/Nuevo\/semanasanta\/wp-json\/wp\/v2\/types\/page"}],"author":[{"embeddable":true,"href":"https:\/\/semanasantadeleon.com\/Nuevo\/semanasanta\/wp-json\/wp\/v2\/users\/1"}],"replies":[{"embeddable":true,"href":"https:\/\/semanasantadeleon.com\/Nuevo\/semanasanta\/wp-json\/wp\/v2\/comments?post=268"}],"version-history":[{"count":20,"href":"https:\/\/semanasantadeleon.com\/Nuevo\/semanasanta\/wp-json\/wp\/v2\/pages\/268\/revisions"}],"predecessor-version":[{"id":3040,"href":"https:\/\/semanasantadeleon.com\/Nuevo\/semanasanta\/wp-json\/wp\/v2\/pages\/268\/revisions\/3040"}],"wp:attachment":[{"href":"https:\/\/semanasantadeleon.com\/Nuevo\/semanasanta\/wp-json\/wp\/v2\/media?parent=268"}],"curies":[{"name":"wp","href":"https:\/\/api.w.org\/{rel}","templated":true}]}}