{"id":2565,"date":"2026-03-11T08:28:01","date_gmt":"2026-03-11T08:28:01","guid":{"rendered":"https:\/\/semanasantadeleon.com\/Nuevo\/semanasanta\/?page_id=2565"},"modified":"2026-03-11T17:44:01","modified_gmt":"2026-03-11T17:44:01","slug":"viernes-de-dolores","status":"publish","type":"page","link":"https:\/\/semanasantadeleon.com\/Nuevo\/semanasanta\/viernes-de-dolores\/","title":{"rendered":"27 de marzo. Viernes de Dolores"},"content":{"rendered":"<div data-colibri-id=\"2565-c1\" class=\"style-1256 style-local-2565-c1 position-relative\">\n  <!---->\n  <div data-colibri-component=\"section\" data-colibri-id=\"2565-c2\" id=\"about-5\" class=\"h-section h-section-global-spacing d-flex align-items-lg-center align-items-md-center align-items-center style-1257 style-local-2565-c2 position-relative\">\n    <!---->\n    <!---->\n    <div class=\"h-section-grid-container h-section-boxed-container\">\n      <!---->\n      <div data-colibri-id=\"2565-c3\" class=\"h-row-container gutters-row-lg-0 gutters-row-md-0 gutters-row-2 gutters-row-v-lg-0 gutters-row-v-md-0 gutters-row-v-0 style-1258 style-local-2565-c3 position-relative\">\n        <!---->\n        <div class=\"h-row justify-content-lg-center justify-content-md-center justify-content-center align-items-lg-stretch align-items-md-stretch align-items-stretch gutters-col-lg-0 gutters-col-md-0 gutters-col-2 gutters-col-v-lg-0 gutters-col-v-md-0 gutters-col-v-0\">\n          <!---->\n          <div class=\"h-column h-column-container d-flex h-col-lg-auto h-col-md-auto h-col-auto style-1259-outer style-local-2565-c4-outer\">\n            <div data-colibri-id=\"2565-c4\" class=\"d-flex h-flex-basis h-column__inner h-ui-empty-state-container h-px-lg-0 h-px-md-0 h-px-2 v-inner-lg-0 v-inner-md-0 v-inner-2 style-1259 style-local-2565-c4 position-relative\">\n              <!---->\n              <!---->\n              <div class=\"w-100 h-y-container h-column__content h-column__v-align flex-basis-100\">\n                <!---->\n              <\/div>\n            <\/div>\n          <\/div>\n          <div class=\"h-column h-column-container d-flex h-col-lg-auto h-col-md-auto h-col-auto style-1260-outer style-local-2565-c5-outer\">\n            <div data-colibri-id=\"2565-c5\" class=\"d-flex h-flex-basis h-column__inner h-px-lg-2 h-px-md-2 h-px-2 v-inner-lg-2 v-inner-md-2 v-inner-2 style-1260 style-local-2565-c5 position-relative\">\n              <!---->\n              <!---->\n              <div class=\"w-100 h-y-container h-column__content h-column__v-align flex-basis-100 align-self-lg-center align-self-md-center align-self-center\">\n                <!---->\n                <div data-colibri-id=\"2565-c6\" class=\"h-global-transition-all h-heading style-1261 style-local-2565-c6 position-relative h-element\">\n                  <!---->\n                  <div class=\"h-heading__outer style-1261 style-local-2565-c6\">\n                    <!---->\n                    <!---->\n                    <h5 class=\"\">19:30h.<\/h5>\n                  <\/div>\n                <\/div>\n                <div data-colibri-id=\"2565-c7\" class=\"h-global-transition-all h-heading style-1262 style-local-2565-c7 position-relative h-element\">\n                  <!---->\n                  <div class=\"h-heading__outer style-1262 style-local-2565-c7\">\n                    <!---->\n                    <!---->\n                    <h2 class=\"\">PROCESI\u00d3N DE LA DOLOROSA<\/h2>\n                  <\/div>\n                <\/div>\n                <div data-colibri-id=\"2565-c8\" class=\"h-text h-text-component style-1263 style-local-2565-c8 position-relative h-element\">\n                  <!---->\n                  <!---->\n                  <div class=\"\">\n                    <p><strong style=\"color: rgb(122, 37, 111); font-weight: 700;\">Organiza<\/strong>: Parroquia de Nuestra Se\u00f1ora del Mercado.<\/p>\n                    <p><strong style=\"color: rgb(122, 37, 111); font-weight: 700;\">Lugar y hora de salida<\/strong>: Iglesia Parroquial de Nuestra Se\u00f1ora del Mercado y del Camino &#8216;La Antigua&#8217; de Le\u00f3n, a las 19:30 horas.<\/p>\n                    <p><strong>Itinerario: <\/strong> Iglesia parroquial de Nuestra Se\u00f1ora del Mercado y del Camino \u00abLa Antigua\u00bb de Le\u00f3n, Herreros, Escurial, Plaza de Santa Mar\u00eda del Camino (del Grano), Cuesta de las Carbajalas, (en el Real Monasterio de\n                      las RR.MM. Benedictinas -Carbajalas-, canto de la Salve), La Redenci\u00f3n, Cofrad\u00eda Nuestra Se\u00f1ora de las Angustias y Soledad, Cuesta de los Casta\u00f1ones, Santa Cruz, Plaza Mayor (sin vuelta), Mariano Dom\u00ednguez Berrueta, Plaza de Regla\n                      (de la Catedral), Ancha, (en la capilla del Cristo de la Victoria actuaci\u00f3n del coro&nbsp;<span style=\"font-weight: 400; font-size: 16px; font-family: &quot;Open Sans&quot;; color: rgb(102, 51, 153);\">\u00abConde de Rebolledo\u00bb),<\/span>&nbsp;Plaza\n                      de San Marcelo, Plaza de Santo Domingo (parada para cantar la Salve), Independencia, Legi\u00f3n VII, Plaza de San Marcelo, Teatro, R\u00faa, Plaza de las Concepciones, Fern\u00e1ndez Cad\u00f3rniga, Juan II, Plaza de Santa Mar\u00eda del Camino (sin vuelta),\n                      Rinconada D. Enrique Garc\u00eda Centeno, El Mercado, Herreros e Iglesia de Nuestra Se\u00f1ora del Mercado.<\/p>\n                  <\/div>\n                <\/div>\n              <\/div>\n            <\/div>\n          <\/div>\n        <\/div>\n      <\/div>\n    <\/div>\n  <\/div>\n  <div data-colibri-component=\"section\" data-colibri-id=\"2565-c9\" id=\"about\" class=\"h-section h-section-global-spacing d-flex align-items-lg-center align-items-md-center align-items-center style-1264 style-local-2565-c9 position-relative\">\n    <!---->\n    <!---->\n    <div class=\"h-section-grid-container h-section-boxed-container\">\n      <!---->\n      <div data-colibri-id=\"2565-c10\" class=\"h-row-container gutters-row-lg-0 gutters-row-md-0 gutters-row-0 gutters-row-v-lg-0 gutters-row-v-md-0 gutters-row-v-0 style-1265 style-local-2565-c10 position-relative\">\n        <!---->\n        <div class=\"h-row justify-content-lg-center justify-content-md-center justify-content-center align-items-lg-stretch align-items-md-stretch align-items-stretch gutters-col-lg-0 gutters-col-md-0 gutters-col-0 gutters-col-v-lg-0 gutters-col-v-md-0 gutters-col-v-0\">\n          <!---->\n          <div class=\"h-column h-column-container d-flex h-col-lg-auto h-col-md-auto h-col-auto style-1266-outer style-local-2565-c11-outer\">\n            <div data-colibri-id=\"2565-c11\" class=\"d-flex h-flex-basis h-column__inner h-px-lg-0 h-px-md-0 h-px-0 v-inner-lg-0 v-inner-md-0 v-inner-0 style-1266 style-local-2565-c11 position-relative\">\n              <!---->\n              <!---->\n              <div class=\"w-100 h-y-container h-column__content h-column__v-align flex-basis-100 align-self-lg-start align-self-md-start align-self-start\">\n                <!---->\n                <div data-colibri-id=\"2565-c12\" class=\"h-global-transition-all h-heading style-1267 style-local-2565-c12 position-relative h-element\">\n                  <!---->\n                  <div class=\"h-heading__outer style-1267 style-local-2565-c12\">\n                    <!---->\n                    <!---->\n                    <h5 class=\"\">18:00h.<\/h5>\n                  <\/div>\n                <\/div>\n                <div data-colibri-id=\"2565-c13\" class=\"h-global-transition-all h-heading style-1268 style-local-2565-c13 position-relative h-element\">\n                  <!---->\n                  <div class=\"h-heading__outer style-1268 style-local-2565-c13\">\n                    <!---->\n                    <!---->\n                    <h2 class=\"\">PROCESI\u00d3N CAMINO DE LA PASI\u00d3N Y DE LA ESPERANZA<\/h2>\n                  <\/div>\n                <\/div>\n                <div data-colibri-id=\"2565-c14\" class=\"h-text h-text-component style-1269 style-local-2565-c14 position-relative h-element\">\n                  <!---->\n                  <!---->\n                  <div class=\"\">\n                    <p><strong style=\"font-weight: 700;\">Organiza<\/strong>:&nbsp;Sacramental y Penitencial Cofrad\u00eda de Nuestro Padre Jes\u00fas Sacramentado y Mar\u00eda Sant\u00edsima de La Piedad, Amparo de los&nbsp;Leoneses<\/p>\n                    <p><strong style=\"font-weight: 700;\">Lugar y hora de salida<\/strong>:&nbsp;Patio de la Real Colegiata &#8211; Bas\u00edlica de San Isidoro (canto de la Coral Isidoriana en el interior del patio, solo para hermanos), a&nbsp;las 18:00 horas.<\/p>\n                    <p><strong style=\"font-weight: 700;\">Itinerario<\/strong>:&nbsp;Plaza de Santo Martino, Sacramento (petalada Virgen de la Esperanza), Plaza de San Isidoro, Cid, (acto Cristo de la Victoria),&nbsp;Ancha, Plaza de San Marcelo, Legi\u00f3n VII,\n                      Independencia, General Lafuente, R\u00faa, Plaza de las Concepciones, Fern\u00e1ndez&nbsp;Cad\u00f3rniga, Plaza de Don Gutierre, Zapater\u00edas, Plaza de San Mart\u00edn, Plegaria (ofrenda floral al Cristo de Fuera de San Mart\u00edn),&nbsp;Plaza Mayor (sin\n                      vuelta), Mariano Dom\u00ednguez Berrueta, Plaza de Regla (los Hermanos har\u00e1n una estaci\u00f3n de Penitencia),&nbsp;Sierra Pambley, D\u00e1maso Merino, Cervantes, Plaza Torres de Oma\u00f1a, Fernando G. Regueral, Plaza San Isidoro, Sacramento,&nbsp;Plaza\n                      Santo Martino.<\/p>\n                  <\/div>\n                <\/div>\n              <\/div>\n            <\/div>\n          <\/div>\n          <div class=\"h-column h-column-container d-flex h-col-lg-auto h-col-md-auto h-col-auto style-1270-outer style-local-2565-c15-outer\">\n            <div data-colibri-id=\"2565-c15\" class=\"d-flex h-flex-basis h-column__inner h-ui-empty-state-container h-px-lg-2 h-px-md-2 h-px-2 v-inner-lg-2 v-inner-md-2 v-inner-2 style-1270 style-local-2565-c15 position-relative\">\n              <!---->\n              <!---->\n              <div class=\"w-100 h-y-container h-column__content h-column__v-align flex-basis-100\">\n                <!---->\n              <\/div>\n            <\/div>\n          <\/div>\n        <\/div>\n      <\/div>\n    <\/div>\n  <\/div>\n  <div data-colibri-component=\"section\" data-colibri-id=\"2565-c23\" id=\"reusable-sections\" class=\"h-section h-section-global-spacing d-flex align-items-lg-center align-items-md-center align-items-center style-1466 style-local-2565-c23 position-relative\">\n    <!---->\n    <!---->\n    <div class=\"h-section-grid-container h-section-boxed-container\">\n      <!---->\n      <div data-colibri-id=\"2565-c24\" class=\"h-row-container gutters-row-lg-0 gutters-row-md-0 gutters-row-0 gutters-row-v-lg-0 gutters-row-v-md-0 gutters-row-v-0 style-1467 style-local-2565-c24 position-relative\">\n        <!---->\n        <div class=\"h-row justify-content-lg-center justify-content-md-center justify-content-center align-items-lg-stretch align-items-md-stretch align-items-stretch gutters-col-lg-0 gutters-col-md-0 gutters-col-0 gutters-col-v-lg-0 gutters-col-v-md-0 gutters-col-v-0\">\n          <!---->\n          <div class=\"h-column h-column-container d-flex h-col-lg-auto h-col-md-auto h-col-auto style-1468-outer style-local-2565-c25-outer\">\n            <div data-colibri-id=\"2565-c25\" class=\"d-flex h-flex-basis h-column__inner h-px-lg-0 h-px-md-0 h-px-0 v-inner-lg-0 v-inner-md-0 v-inner-0 style-1468 style-local-2565-c25 position-relative\">\n              <!---->\n              <!---->\n              <div class=\"w-100 h-y-container h-column__content h-column__v-align flex-basis-100 align-self-lg-start align-self-md-start align-self-start\">\n                <!---->\n                <div data-colibri-id=\"2565-c26\" class=\"h-global-transition-all h-heading style-1469 style-local-2565-c26 position-relative h-element\">\n                  <!---->\n                  <div class=\"h-heading__outer style-1469 style-local-2565-c26\">\n                    <!---->\n                    <!---->\n                    <h5 class=\"\">23:30h.<\/h5>\n                  <\/div>\n                <\/div>\n                <div data-colibri-id=\"2565-c27\" class=\"h-global-transition-all h-heading style-1470 style-local-2565-c27 position-relative h-element\">\n                  <!---->\n                  <div class=\"h-heading__outer style-1470 style-local-2565-c27\">\n                    <!---->\n                    <!---->\n                    <h2 class=\"\">solemne traslado extraordinario de jes\u00fas nazareno,&nbsp;\u00abel dainos\u00bb<\/h2>\n                  <\/div>\n                <\/div>\n                <div data-colibri-id=\"2565-c32\" class=\"h-text h-text-component style-1471 style-local-2565-c32 position-relative h-element\">\n                  <!---->\n                  <!---->\n                  <div class=\"\">\n                    <p><strong style=\"font-weight: 700;\">Organiza<\/strong>: Cofrad\u00eda Sant\u00edsimo Cristo de la Expiraci\u00f3n y del Silencio, conjuntamente con la OFS, la Casa Franciscana y las Hermanas Clarisas del Convento de Santa Cruz.<\/p>\n                    <p><strong style=\"font-weight: 700;\">Lugar y hora de salida<\/strong>: Convento de Santa Cruz de las Hermanas Clarisas de Le\u00f3n, a las 23:30 horas.<\/p>\n                    <p><strong style=\"font-weight: 700;\">Itinerario<\/strong>: Convento de Santa Cruz de las Hermanas Clarisas, Cardenal Land\u00e1zuri, Plaza de Regla, Mariano Dom\u00ednguez Berrueta, Plaza Mayor (sin vuelta), Santa Cruz, Plaza de Ria\u00f1o, Cercas, San&nbsp;Francisco,\n                      Plaza de San Francisco, Corredera e Iglesia de San Francisco.<\/p>\n                  <\/div>\n                <\/div>\n              <\/div>\n            <\/div>\n          <\/div>\n          <div class=\"h-column h-column-container d-flex h-col-lg-auto h-col-md-auto h-col-auto style-1472-outer style-local-2565-c29-outer\">\n            <div data-colibri-id=\"2565-c29\" class=\"d-flex h-flex-basis h-column__inner h-ui-empty-state-container h-px-lg-2 h-px-md-2 h-px-2 v-inner-lg-2 v-inner-md-2 v-inner-2 style-1472 style-local-2565-c29 position-relative\">\n              <!---->\n              <!---->\n              <div class=\"w-100 h-y-container h-column__content h-column__v-align flex-basis-100\">\n                <!---->\n              <\/div>\n            <\/div>\n          <\/div>\n        <\/div>\n      <\/div>\n    <\/div>\n  <\/div>\n<\/div>","protected":false},"excerpt":{"rendered":"<p>19:30h. PROCESI\u00d3N DE LA DOLOROSA Organiza: Parroquia de Nuestra Se\u00f1ora del Mercado. Lugar y hora de salida: Iglesia Parroquial de Nuestra Se\u00f1ora del Mercado y del Camino &#8216;La Antigua&#8217; de Le\u00f3n, a las 19:30 horas. Itinerario: Iglesia parroquial de Nuestra Se\u00f1ora del Mercado y del Camino \u00abLa Antigua\u00bb de Le\u00f3n, Herreros, Escurial, Plaza de Santa [&hellip;]<\/p>\n","protected":false},"author":1,"featured_media":0,"parent":0,"menu_order":0,"comment_status":"closed","ping_status":"closed","template":"page-templates\/full-width-page.php","meta":{"footnotes":""},"class_list":["post-2565","page","type-page","status-publish","hentry"],"_links":{"self":[{"href":"https:\/\/semanasantadeleon.com\/Nuevo\/semanasanta\/wp-json\/wp\/v2\/pages\/2565","targetHints":{"allow":["GET"]}}],"collection":[{"href":"https:\/\/semanasantadeleon.com\/Nuevo\/semanasanta\/wp-json\/wp\/v2\/pages"}],"about":[{"href":"https:\/\/semanasantadeleon.com\/Nuevo\/semanasanta\/wp-json\/wp\/v2\/types\/page"}],"author":[{"embeddable":true,"href":"https:\/\/semanasantadeleon.com\/Nuevo\/semanasanta\/wp-json\/wp\/v2\/users\/1"}],"replies":[{"embeddable":true,"href":"https:\/\/semanasantadeleon.com\/Nuevo\/semanasanta\/wp-json\/wp\/v2\/comments?post=2565"}],"version-history":[{"count":9,"href":"https:\/\/semanasantadeleon.com\/Nuevo\/semanasanta\/wp-json\/wp\/v2\/pages\/2565\/revisions"}],"predecessor-version":[{"id":2972,"href":"https:\/\/semanasantadeleon.com\/Nuevo\/semanasanta\/wp-json\/wp\/v2\/pages\/2565\/revisions\/2972"}],"wp:attachment":[{"href":"https:\/\/semanasantadeleon.com\/Nuevo\/semanasanta\/wp-json\/wp\/v2\/media?parent=2565"}],"curies":[{"name":"wp","href":"https:\/\/api.w.org\/{rel}","templated":true}]}}