{"id":2463,"date":"2026-03-11T08:36:59","date_gmt":"2026-03-11T08:36:59","guid":{"rendered":"https:\/\/semanasantadeleon.com\/Nuevo\/semanasanta\/?page_id=2463"},"modified":"2026-03-12T11:01:40","modified_gmt":"2026-03-12T11:01:40","slug":"domingo-de-resurreccion-2","status":"publish","type":"page","link":"https:\/\/semanasantadeleon.com\/Nuevo\/semanasanta\/domingo-de-resurreccion-2\/","title":{"rendered":"5 de abril. Domingo de Resurrecci\u00f3n"},"content":{"rendered":"<div data-colibri-id=\"2463-c1\" class=\"style-1192 style-local-2463-c1 position-relative\">\n  <!---->\n  <div data-colibri-component=\"section\" data-colibri-id=\"2463-c2\" id=\"about\" class=\"h-section h-section-global-spacing d-flex align-items-lg-center align-items-md-center align-items-center style-1193 style-local-2463-c2 position-relative\">\n    <!---->\n    <!---->\n    <div class=\"h-section-grid-container h-section-boxed-container\">\n      <!---->\n      <div data-colibri-id=\"2463-c3\" class=\"h-row-container gutters-row-lg-0 gutters-row-md-0 gutters-row-0 gutters-row-v-lg-0 gutters-row-v-md-0 gutters-row-v-0 style-1194 style-local-2463-c3 position-relative\">\n        <!---->\n        <div class=\"h-row justify-content-lg-center justify-content-md-center justify-content-center align-items-lg-stretch align-items-md-stretch align-items-stretch gutters-col-lg-0 gutters-col-md-0 gutters-col-0 gutters-col-v-lg-0 gutters-col-v-md-0 gutters-col-v-0\">\n          <!---->\n          <div class=\"h-column h-column-container d-flex h-col-lg-auto h-col-md-auto h-col-auto style-1195-outer style-local-2463-c4-outer\">\n            <div data-colibri-id=\"2463-c4\" class=\"d-flex h-flex-basis h-column__inner h-px-lg-0 h-px-md-0 h-px-0 v-inner-lg-0 v-inner-md-0 v-inner-0 style-1195 style-local-2463-c4 position-relative\">\n              <!---->\n              <!---->\n              <div class=\"w-100 h-y-container h-column__content h-column__v-align flex-basis-100 align-self-lg-start align-self-md-start align-self-start\">\n                <!---->\n                <div data-colibri-id=\"2463-c5\" class=\"h-global-transition-all h-heading style-1196 style-local-2463-c5 position-relative h-element\">\n                  <!---->\n                  <div class=\"h-heading__outer style-1196 style-local-2463-c5\">\n                    <!---->\n                    <!---->\n                    <h5 class=\"\">16:30h.<\/h5>\n                  <\/div>\n                <\/div>\n                <div data-colibri-id=\"2463-c6\" class=\"h-global-transition-all h-heading style-1197 style-local-2463-c6 position-relative h-element\">\n                  <!---->\n                  <div class=\"h-heading__outer style-1197 style-local-2463-c6\">\n                    <!---->\n                    <!---->\n                    <h2 class=\"\">Procesi\u00f3n del Santo Cristo del Desenclavo<\/h2>\n                  <\/div>\n                <\/div>\n                <div data-colibri-id=\"2463-c7\" class=\"h-text h-text-component style-1198 style-local-2463-c7 position-relative h-element\">\n                  <!---->\n                  <!---->\n                  <div class=\"\">\n                    <p><strong style=\"font-weight: 700;\">Organiza<\/strong>:&nbsp;Cofrad\u00eda Santo Cristo del Desenclavo<\/p>\n                    <p><strong style=\"font-weight: 700;\">Lugar y hora de salida<\/strong>:&nbsp;Patio del Colegio Leon\u00e9s, frente a la Iglesia de Santa Marina la Real, a las 16:30 horas.<\/p>\n                    <p><strong style=\"font-weight: 700;\">Itinerario<\/strong>:&nbsp;Colegio Leon\u00e9s, Serranos, Plaza del Vizconde, Convento, Cardenal Land\u00e1zuri (Canto de la Salve por las MM. Franciscanas&nbsp;Clarisas Descalzas desde el interior del Convento\n                      de la Santa Cruz ante la imagen de Nuestra Madre Mar\u00eda del Desconsuelo),&nbsp;Plaza de Regla, Ancha, Cid, Plaza San Isidoro -donde se celebrar\u00e1 el ACTO DEL DESENCLAVO DE CRISTO hacia las 18.30,&nbsp;contando como testigos a la Muy\n                      Iltre. Real e Imperial Cofrad\u00eda del Pend\u00f3n de San Isidoro y el Cabildo Isidoriano en el Atrio&nbsp;de la Puerta del Perd\u00f3n de la Real Bas\u00edlica de San Isidoro-, a continuaci\u00f3n la procesi\u00f3n continuar\u00e1 con el siguiente recorrido:&nbsp;Sacramento,Plaza\n                      de Santo Martino, Plaza Puerta Castillo, Serranos y Colegio Leon\u00e9s.<\/p>\n                    <p>\n                      <br>\n                    <\/p>\n                    <p>\n                      <br>\n                    <\/p>\n                  <\/div>\n                <\/div>\n                <div data-colibri-id=\"2463-c8\" class=\"h-x-container style-1199 style-local-2463-c8 position-relative h-element\">\n                  <!---->\n                  <div class=\"h-x-container-inner style-dynamic-2463-c8-group style-1199-spacing style-local-2463-c8-spacing\"><span class=\"h-link__outer style-1200-outer style-local-2463-c9-outer d-inline-flex h-element\"><a h-use-smooth-scroll=\"true\" href=\"https:\/\/semanasantadeleon.com\/Nuevo\/semanasanta\/recorrido-virtual\/#sabado_santo\"  data-colibri-id=\"2463-c9\" class=\"d-flex w-100 align-items-center h-link style-1200 style-local-2463-c9 position-relative\"><!----><span  class=\"h-svg-icon h-link__icon style-1200-icon style-local-2463-c9-icon\"><!--Icon by Font Awesome (https:\/\/fontawesome.com)-->\n    <svg version=\"1.1\" xmlns=\"http:\/\/www.w3.org\/2000\/svg\" xmlns:xlink=\"http:\/\/www.w3.org\/1999\/xlink\" id=\"location-arrow\" viewBox=\"0 0 1408 1896.0833\">\n      <path d=\"M1401 349L761 1629q-17 35-57 35-5 0-15-2-22-5-35.5-22.5T640 1600v-576H64q-22 0-39.5-13.5T2 975t4-42 29-30l1280-640q13-7 29-7 27 0 45 19 15 14 18.5 34.5T1401 349z\"><\/path>\n    <\/svg><\/span> <span>Ir al recorrido<\/span><\/a>\n                    <\/span>\n                  <\/div>\n                <\/div>\n              <\/div>\n            <\/div>\n          <\/div>\n          <div class=\"h-column h-column-container d-flex h-col-lg-auto h-col-md-auto h-col-auto style-1201-outer style-local-2463-c10-outer\">\n            <div data-colibri-id=\"2463-c10\" class=\"d-flex h-flex-basis h-column__inner h-ui-empty-state-container h-px-lg-2 h-px-md-2 h-px-2 v-inner-lg-2 v-inner-md-2 v-inner-2 style-1201 style-local-2463-c10 position-relative\">\n              <!---->\n              <!---->\n              <div class=\"w-100 h-y-container h-column__content h-column__v-align flex-basis-100\">\n                <!---->\n              <\/div>\n            <\/div>\n          <\/div>\n        <\/div>\n      <\/div>\n    <\/div>\n  <\/div>\n  <div data-colibri-component=\"section\" data-colibri-id=\"2463-c11\" id=\"about-2\" class=\"h-section h-section-global-spacing d-flex align-items-lg-center align-items-md-center align-items-center style-1202 style-local-2463-c11 position-relative\">\n    <!---->\n    <!---->\n    <div class=\"h-section-grid-container h-section-boxed-container\">\n      <!---->\n      <div data-colibri-id=\"2463-c12\" class=\"h-row-container gutters-row-lg-0 gutters-row-md-0 gutters-row-0 gutters-row-v-lg-0 gutters-row-v-md-0 gutters-row-v-0 style-1203 style-local-2463-c12 position-relative\">\n        <!---->\n        <div class=\"h-row justify-content-lg-center justify-content-md-center justify-content-center align-items-lg-stretch align-items-md-stretch align-items-stretch gutters-col-lg-0 gutters-col-md-0 gutters-col-0 gutters-col-v-lg-0 gutters-col-v-md-0 gutters-col-v-0\">\n          <!---->\n          <div class=\"h-column h-column-container d-flex h-col-lg-auto h-col-md-auto h-col-auto style-1204-outer style-local-2463-c13-outer\">\n            <div data-colibri-id=\"2463-c13\" class=\"d-flex h-flex-basis h-column__inner h-px-lg-0 h-px-md-0 h-px-0 v-inner-lg-0 v-inner-md-0 v-inner-0 style-1204 style-local-2463-c13 position-relative\">\n              <!---->\n              <!---->\n              <div class=\"w-100 h-y-container h-column__content h-column__v-align flex-basis-100 align-self-lg-start align-self-md-start align-self-start\">\n                <!---->\n                <div data-colibri-id=\"2463-c14\" class=\"d-block style-1330 style-local-2463-c14 position-relative h-element\">\n                  <!---->\n                  <div class=\"h-image__frame-container-outer\">\n                    <div class=\"h-image__frame-container\">\n                      <!---->\n                      <!---->\n                      <img loading=\"lazy\" decoding=\"async\" width=\"1600\" height=\"2406\" src=\"https:\/\/semanasantadeleon.com\/Nuevo\/semanasanta\/wp-content\/uploads\/2024\/03\/RESURRECCION-DSC_2074.jpg\" class=\"wp-image-2675 style-1330-image style-local-2463-c14-image\" alt=\"\" srcset=\"https:\/\/semanasantadeleon.com\/Nuevo\/semanasanta\/wp-content\/uploads\/2024\/03\/RESURRECCION-DSC_2074.jpg 1600w, https:\/\/semanasantadeleon.com\/Nuevo\/semanasanta\/wp-content\/uploads\/2024\/03\/RESURRECCION-DSC_2074-200x300.jpg 200w, https:\/\/semanasantadeleon.com\/Nuevo\/semanasanta\/wp-content\/uploads\/2024\/03\/RESURRECCION-DSC_2074-681x1024.jpg 681w, https:\/\/semanasantadeleon.com\/Nuevo\/semanasanta\/wp-content\/uploads\/2024\/03\/RESURRECCION-DSC_2074-768x1155.jpg 768w, https:\/\/semanasantadeleon.com\/Nuevo\/semanasanta\/wp-content\/uploads\/2024\/03\/RESURRECCION-DSC_2074-1021x1536.jpg 1021w, https:\/\/semanasantadeleon.com\/Nuevo\/semanasanta\/wp-content\/uploads\/2024\/03\/RESURRECCION-DSC_2074-1362x2048.jpg 1362w\" sizes=\"auto, (max-width: 1600px) 100vw, 1600px\" \/>\n                      <div class=\"h-image__frame h-hide-lg h-hide-md h-hide-sm style-1330-frameImage style-local-2463-c14-frameImage\"><\/div>\n                    <\/div>\n                  <\/div>\n                <\/div>\n              <\/div>\n            <\/div>\n          <\/div>\n          <div class=\"h-column h-column-container d-flex h-col-lg-auto h-col-md-auto h-col-auto style-1205-outer style-local-2463-c15-outer\">\n            <div data-colibri-id=\"2463-c15\" class=\"d-flex h-flex-basis h-column__inner h-px-lg-2 h-px-md-2 h-px-2 v-inner-lg-2 v-inner-md-2 v-inner-2 style-1205 style-local-2463-c15 position-relative\">\n              <!---->\n              <!---->\n              <div class=\"w-100 h-y-container h-column__content h-column__v-align flex-basis-100 align-self-lg-start align-self-md-start align-self-start\">\n                <!---->\n                <div data-colibri-id=\"2463-c16\" class=\"h-global-transition-all h-heading style-1206 style-local-2463-c16 position-relative h-element\">\n                  <!---->\n                  <div class=\"h-heading__outer style-1206 style-local-2463-c16\">\n                    <!---->\n                    <!---->\n                    <h5 class=\"\">8:45h.<\/h5>\n                  <\/div>\n                <\/div>\n                <div data-colibri-id=\"2463-c17\" class=\"h-global-transition-all h-heading style-1207 style-local-2463-c17 position-relative h-element\">\n                  <!---->\n                  <div class=\"h-heading__outer style-1207 style-local-2463-c17\">\n                    <!---->\n                    <!---->\n                    <h2 class=\"\">Procesi\u00f3n del encuentro<\/h2>\n                  <\/div>\n                <\/div>\n                <div data-colibri-id=\"2463-c18\" class=\"h-text h-text-component style-1208 style-local-2463-c18 position-relative h-element\">\n                  <!---->\n                  <!---->\n                  <div class=\"\">\n                    <p><strong style=\"font-weight: 700;\">Organiza<\/strong>:&nbsp;Real Hermandad de Jes\u00fas Divino Obrero.<\/p>\n                    <p><strong style=\"font-weight: 700;\">Lugar de salida&nbsp;<\/strong><strong style=\"font-weight: 700; font-size: 16px; font-family: &quot;Open Sans&quot;; color: rgb(122, 37, 111);\">y hora<\/strong>: Iglesia Parroquial de Jes\u00fas Divino Obrero,\n                      a las 8:45 horas.<\/p>\n                    <p><strong style=\"font-weight: 700;\">Itinerario<\/strong>:<\/p>\n                    <ul>\n                      <li><strong>Paso de la Resurrecci\u00f3n:<\/strong> Iglesia Parroquial Jes\u00fas Divino Obrero, V\u00edctor de los R\u00edos, Obispo Almarcha, Daoiz y Velarde, Puerta Sol, Santa Cruz, Plaza Mayor, Plegaria, Plater\u00edas, Cardiles, Varillas, Ancha, Sierra Pambley,\n                        Plaza de Regla.<\/li>\n                      <li><strong>Paso de Las Tres Mar\u00edas:<\/strong> Iglesia Parroquial Jes\u00fas Divino Obrero, V\u00edctor de los R\u00edos, Obispo Almarcha, Jos\u00e9 Mar\u00eda Fern\u00e1ndez, San Pedro, Puerta Obispo, Plaza de Regla.<\/li>\n                      <li>A las 10 de la ma\u00f1ana se celebrar\u00e1, frente al p\u00f3rtico de la Catedral, <strong style=\"color: rgb(122, 37, 111); font-family: &quot;Open Sans&quot;; font-size: 16px;\">&#8216;El Encuentro&#8217;&nbsp;<\/strong>(declarado de Inter\u00e9s Tur\u00edstico Local)\n                        y, a continuaci\u00f3n, solemne Misa Estacional, oficiada por el Sr. Obispo de la Di\u00f3cesis en la Santa Iglesia Catedral.<\/li>\n                    <\/ul>\n                    <p>A las 12:00 horas aproximadamente procesi\u00f3n conjunta con el siguiente recorrido:<\/p>\n                    <ul>\n                      <li>Plaza de Regla, Ancha, Cervantes, Plaza Torres de Oma\u00f1a, Fernando Gonz\u00e1lez Regueral, Plaza de San Isidoro (canto de la Salve por parte de las Hermanas Mayores Siervas de la Caridad), Cid, Ancha, Varillas, Cardiles, Plater\u00edas, Plegaria,\n                        Plaza Mayor, Santa Cruz, Puerta Sol, Daoiz y Velarde, Obispo Almarcha, V\u00edctor de los R\u00edos e Iglesia de Jes\u00fas Divino Obrero.<\/li>\n                    <\/ul>\n                  <\/div>\n                <\/div>\n              <\/div>\n            <\/div>\n          <\/div>\n        <\/div>\n      <\/div>\n    <\/div>\n  <\/div>\n<\/div>","protected":false},"excerpt":{"rendered":"<p>16:30h. Procesi\u00f3n del Santo Cristo del Desenclavo Organiza:&nbsp;Cofrad\u00eda Santo Cristo del Desenclavo Lugar y hora de salida:&nbsp;Patio del Colegio Leon\u00e9s, frente a la Iglesia de Santa Marina la Real, a las 16:30 horas. Itinerario:&nbsp;Colegio Leon\u00e9s, Serranos, Plaza del Vizconde, Convento, Cardenal Land\u00e1zuri (Canto de la Salve por las MM. Franciscanas&nbsp;Clarisas Descalzas desde el interior del [&hellip;]<\/p>\n","protected":false},"author":1,"featured_media":0,"parent":0,"menu_order":0,"comment_status":"closed","ping_status":"closed","template":"page-templates\/full-width-page.php","meta":{"footnotes":""},"class_list":["post-2463","page","type-page","status-publish","hentry"],"_links":{"self":[{"href":"https:\/\/semanasantadeleon.com\/Nuevo\/semanasanta\/wp-json\/wp\/v2\/pages\/2463","targetHints":{"allow":["GET"]}}],"collection":[{"href":"https:\/\/semanasantadeleon.com\/Nuevo\/semanasanta\/wp-json\/wp\/v2\/pages"}],"about":[{"href":"https:\/\/semanasantadeleon.com\/Nuevo\/semanasanta\/wp-json\/wp\/v2\/types\/page"}],"author":[{"embeddable":true,"href":"https:\/\/semanasantadeleon.com\/Nuevo\/semanasanta\/wp-json\/wp\/v2\/users\/1"}],"replies":[{"embeddable":true,"href":"https:\/\/semanasantadeleon.com\/Nuevo\/semanasanta\/wp-json\/wp\/v2\/comments?post=2463"}],"version-history":[{"count":10,"href":"https:\/\/semanasantadeleon.com\/Nuevo\/semanasanta\/wp-json\/wp\/v2\/pages\/2463\/revisions"}],"predecessor-version":[{"id":3061,"href":"https:\/\/semanasantadeleon.com\/Nuevo\/semanasanta\/wp-json\/wp\/v2\/pages\/2463\/revisions\/3061"}],"wp:attachment":[{"href":"https:\/\/semanasantadeleon.com\/Nuevo\/semanasanta\/wp-json\/wp\/v2\/media?parent=2463"}],"curies":[{"name":"wp","href":"https:\/\/api.w.org\/{rel}","templated":true}]}}