{"id":206,"date":"2026-03-11T08:37:11","date_gmt":"2026-03-11T08:37:11","guid":{"rendered":"https:\/\/semanasantadeleon.com\/Nuevo\/semanasanta\/?page_id=206"},"modified":"2026-03-11T18:49:38","modified_gmt":"2026-03-11T18:49:38","slug":"lunes-santo","status":"publish","type":"page","link":"https:\/\/semanasantadeleon.com\/Nuevo\/semanasanta\/lunes-santo\/","title":{"rendered":"30 de marzo. Lunes Santo"},"content":{"rendered":"<div data-colibri-id=\"206-c1\" class=\"style-327 style-local-206-c1 position-relative\">\n  <!---->\n  <div data-colibri-component=\"section\" data-colibri-id=\"206-c2\" id=\"reusable-sections\" class=\"h-section h-section-global-spacing d-flex align-items-lg-center align-items-md-center align-items-center style-1278 style-local-206-c2 position-relative\">\n    <!---->\n    <!---->\n    <div class=\"h-section-grid-container h-section-boxed-container\">\n      <!---->\n      <div data-colibri-id=\"206-c3\" class=\"h-row-container gutters-row-lg-0 gutters-row-md-0 gutters-row-0 gutters-row-v-lg-0 gutters-row-v-md-0 gutters-row-v-0 style-1279 style-local-206-c3 position-relative\">\n        <!---->\n        <div class=\"h-row justify-content-lg-center justify-content-md-center justify-content-center align-items-lg-stretch align-items-md-stretch align-items-stretch gutters-col-lg-0 gutters-col-md-0 gutters-col-0 gutters-col-v-lg-0 gutters-col-v-md-0 gutters-col-v-0\">\n          <!---->\n          <div class=\"h-column h-column-container d-flex h-col-lg-auto h-col-md-auto h-col-auto style-1280-outer style-local-206-c4-outer\">\n            <div data-colibri-id=\"206-c4\" class=\"d-flex h-flex-basis h-column__inner h-px-lg-0 h-px-md-0 h-px-0 v-inner-lg-0 v-inner-md-0 v-inner-0 style-1280 style-local-206-c4 position-relative\">\n              <!---->\n              <!---->\n              <div class=\"w-100 h-y-container h-column__content h-column__v-align flex-basis-100 align-self-lg-start align-self-md-start align-self-start\">\n                <!---->\n                <div data-colibri-id=\"206-c5\" class=\"h-global-transition-all h-heading style-1281 style-local-206-c5 position-relative h-element\">\n                  <!---->\n                  <div class=\"h-heading__outer style-1281 style-local-206-c5\">\n                    <!---->\n                    <!---->\n                    <h5 class=\"\">20:00h.<\/h5>\n                  <\/div>\n                <\/div>\n                <div data-colibri-id=\"206-c6\" class=\"h-global-transition-all h-heading style-1282 style-local-206-c6 position-relative h-element\">\n                  <!---->\n                  <div class=\"h-heading__outer style-1282 style-local-206-c6\">\n                    <!---->\n                    <!---->\n                    <h2 class=\"\">PROCESI\u00d3N DE La pasi\u00f3n<\/h2>\n                  <\/div>\n                <\/div>\n                <div data-colibri-id=\"206-c7\" class=\"h-text h-text-component style-1283 style-local-206-c7 position-relative h-element\">\n                  <!---->\n                  <!---->\n                  <div class=\"\">\n                    <p><strong style=\"font-weight: 700;\">Organiza<\/strong>: Cofrad\u00eda de Nuestra Se\u00f1ora de las Angustias y Soledad, Cofrad\u00eda del Dulce Nombre de Jes\u00fas Nazareno y Real Cofrad\u00eda del Sant\u00edsimo Sacramento de Minerva y la Santa Vera Cruz.<\/p>\n                    <p><strong style=\"font-weight: 700;\">Lugar de salida y hora<\/strong>: Capilla de Santa Nonia, a las 20:00 horas.<\/p>\n                    <p><strong style=\"font-weight: 700;\">Itinerario<\/strong>:&nbsp;Capilla de Santa Nonia, Cofrad\u00eda Dulce Nombre de Jes\u00fas Nazareno, Jard\u00edn de San Francisco, San Francisco, Plaza de las Concepciones, Fern\u00e1ndez Cadorniga, Plaza de Don Gutierre,\n                      Zapater\u00edas, Plaza San Mart\u00edn, Plegaria, Plaza Mayor (sin vuelta), Mariano Dom\u00ednguez Berrueta, Plaza de Regla, Ancha, Plaza de San Marcelo, Plaza de Santo Domingo (sin vuelta), Independencia, Santa Nonia, Cofrad\u00eda Dulce Nombre de\n                      Jes\u00fas Nazareno y Capilla Santa Nonia.<\/p>\n                    <p>\n                      <br>\n                    <\/p>\n                  <\/div>\n                <\/div>\n              <\/div>\n            <\/div>\n          <\/div>\n          <div class=\"h-column h-column-container d-flex h-col-lg-auto h-col-md-auto h-col-auto style-1284-outer style-local-206-c8-outer\">\n            <div data-colibri-id=\"206-c8\" class=\"d-flex h-flex-basis h-column__inner h-ui-empty-state-container h-px-lg-2 h-px-md-2 h-px-2 v-inner-lg-2 v-inner-md-2 v-inner-2 style-1284 style-local-206-c8 position-relative\">\n              <!---->\n              <!---->\n              <div class=\"w-100 h-y-container h-column__content h-column__v-align flex-basis-100\">\n                <!---->\n              <\/div>\n            <\/div>\n          <\/div>\n        <\/div>\n      <\/div>\n    <\/div>\n  <\/div>\n  <div data-colibri-component=\"section\" data-colibri-id=\"206-c9\" id=\"about\" class=\"h-section h-section-global-spacing d-flex align-items-lg-center align-items-md-center align-items-center style-328 style-local-206-c9 position-relative\">\n    <!---->\n    <!---->\n    <div class=\"h-section-grid-container h-section-boxed-container\">\n      <!---->\n      <div data-colibri-id=\"206-c10\" class=\"h-row-container gutters-row-lg-0 gutters-row-md-0 gutters-row-0 gutters-row-v-lg-0 gutters-row-v-md-0 gutters-row-v-0 style-329 style-local-206-c10 position-relative\">\n        <!---->\n        <div class=\"h-row justify-content-lg-center justify-content-md-center justify-content-center align-items-lg-stretch align-items-md-stretch align-items-stretch gutters-col-lg-0 gutters-col-md-0 gutters-col-0 gutters-col-v-lg-0 gutters-col-v-md-0 gutters-col-v-0\">\n          <!---->\n          <div class=\"h-column h-column-container d-flex h-col-lg-auto h-col-md-auto h-col-auto style-330-outer style-local-206-c11-outer\">\n            <div data-colibri-id=\"206-c11\" class=\"d-flex h-flex-basis h-column__inner h-px-lg-0 h-px-md-0 h-px-0 v-inner-lg-0 v-inner-md-0 v-inner-0 style-330 style-local-206-c11 position-relative\">\n              <!---->\n              <!---->\n              <div class=\"w-100 h-y-container h-column__content h-column__v-align flex-basis-100 align-self-lg-start align-self-md-start align-self-start\">\n                <!---->\n                <div data-colibri-id=\"206-c12\" class=\"h-global-transition-all h-heading style-331 style-local-206-c12 position-relative h-element\">\n                  <!---->\n                  <div class=\"h-heading__outer style-331 style-local-206-c12\">\n                    <!---->\n                    <!---->\n                    <h5 class=\"\">20:00h.<\/h5>\n                  <\/div>\n                <\/div>\n                <div data-colibri-id=\"206-c13\" class=\"h-global-transition-all h-heading style-332 style-local-206-c13 position-relative h-element\">\n                  <!---->\n                  <div class=\"h-heading__outer style-332 style-local-206-c13\">\n                    <!---->\n                    <!---->\n                    <h2 class=\"\">Procesi\u00f3n de la Pasi\u00f3n<\/h2>\n                  <\/div>\n                <\/div>\n                <div data-colibri-id=\"206-c14\" class=\"h-text h-text-component style-333 style-local-206-c14 position-relative h-element\">\n                  <!---->\n                  <!---->\n                  <div class=\"\">\n                    <p><strong>Organizan<\/strong>: Cofrad\u00edas Nuestra Se\u00f1ora de las Angustias y Soledad, Cofrad\u00eda Dulce Nombre de Jes\u00fas Nazareno y Real Cofrad\u00eda del&nbsp;Sant\u00edsimo Sacramento de Minerva y la Santa Vera Cruz.<\/p>\n                    <p><strong style=\"font-weight: 700;\">Lugar y hora de salida<\/strong>: Capilla de Santa Nonia, a las 20:00 horas.<\/p>\n                    <p>\n                      <br>\n                    <\/p>\n                    <p><strong style=\"font-weight: 700;\">Itinerario<\/strong>: Cofrad\u00eda Dulce Nombre de Jes\u00fas Nazareno, Jard\u00edn de San Francisco, Plaza de San Francisco, San Francisco, Plaza de las&nbsp;Concepciones, Fern\u00e1ndez Cad\u00f3rniga, Plaza de Don Gutierre,\n                      Zapater\u00edas, Plaza de San Mart\u00edn, Plegaria, Plaza Mayor (sin&nbsp;vuelta), Mariano Dom\u00ednguez Berrueta, Plaza de Regla, Ancha, Plaza de San Marcelo, Plaza de Santo Domingo (sin vuelta),&nbsp;Independencia, Santa Nonia e Iglesia de\n                      Santa Nonia.<\/p>\n                    <p>\n                      <br>\n                    <\/p>\n                    <p>\n                      <br>\n                    <\/p>\n                  <\/div>\n                <\/div>\n              <\/div>\n            <\/div>\n          <\/div>\n          <div class=\"h-column h-column-container d-flex h-col-lg-auto h-col-md-auto h-col-auto style-334-outer style-local-206-c15-outer\">\n            <div data-colibri-id=\"206-c15\" class=\"d-flex h-flex-basis h-column__inner h-ui-empty-state-container h-px-lg-2 h-px-md-2 h-px-2 v-inner-lg-2 v-inner-md-2 v-inner-2 style-334 style-local-206-c15 position-relative\">\n              <!---->\n              <!---->\n              <div class=\"w-100 h-y-container h-column__content h-column__v-align flex-basis-100\">\n                <!---->\n              <\/div>\n            <\/div>\n          <\/div>\n        <\/div>\n      <\/div>\n    <\/div>\n  <\/div>\n  <div data-colibri-component=\"section\" data-colibri-id=\"206-c16\" id=\"about-2\" class=\"h-section h-section-global-spacing d-flex align-items-lg-center align-items-md-center align-items-center style-335 style-local-206-c16 position-relative\">\n    <!---->\n    <!---->\n    <div class=\"h-section-grid-container h-section-boxed-container\">\n      <!---->\n      <div data-colibri-id=\"206-c17\" class=\"h-row-container gutters-row-lg-0 gutters-row-md-0 gutters-row-0 gutters-row-v-lg-0 gutters-row-v-md-0 gutters-row-v-0 style-336 style-local-206-c17 position-relative\">\n        <!---->\n        <div class=\"h-row justify-content-lg-center justify-content-md-center justify-content-center align-items-lg-stretch align-items-md-stretch align-items-stretch gutters-col-lg-0 gutters-col-md-0 gutters-col-0 gutters-col-v-lg-0 gutters-col-v-md-0 gutters-col-v-0\">\n          <!---->\n          <div class=\"h-column h-column-container d-flex h-col-lg-auto h-col-md-auto h-col-auto style-337-outer style-local-206-c18-outer\">\n            <div data-colibri-id=\"206-c18\" class=\"d-flex h-flex-basis h-column__inner h-ui-empty-state-container h-px-lg-0 h-px-md-0 h-px-0 v-inner-lg-0 v-inner-md-0 v-inner-0 style-337 style-local-206-c18 position-relative\">\n              <!---->\n              <!---->\n              <div class=\"w-100 h-y-container h-column__content h-column__v-align flex-basis-100\">\n                <!---->\n              <\/div>\n            <\/div>\n          <\/div>\n          <div class=\"h-column h-column-container d-flex h-col-lg-auto h-col-md-auto h-col-auto style-338-outer style-local-206-c19-outer\">\n            <div data-colibri-id=\"206-c19\" class=\"d-flex h-flex-basis h-column__inner h-px-lg-2 h-px-md-2 h-px-2 v-inner-lg-2 v-inner-md-2 v-inner-2 style-338 style-local-206-c19 position-relative\">\n              <!---->\n              <!---->\n              <div class=\"w-100 h-y-container h-column__content h-column__v-align flex-basis-100 align-self-lg-start align-self-md-start align-self-start\">\n                <!---->\n                <div data-colibri-id=\"206-c20\" class=\"h-global-transition-all h-heading style-339 style-local-206-c20 position-relative h-element\">\n                  <!---->\n                  <div class=\"h-heading__outer style-339 style-local-206-c20\">\n                    <!---->\n                    <!---->\n                    <h5 class=\"\">20:30h.<\/h5>\n                  <\/div>\n                <\/div>\n                <div data-colibri-id=\"206-c21\" class=\"h-global-transition-all h-heading style-340 style-local-206-c21 position-relative h-element\">\n                  <!---->\n                  <div class=\"h-heading__outer style-340 style-local-206-c21\">\n                    <!---->\n                    <!---->\n                    <h2 class=\"\">Procesi\u00f3n del Rosario de Pasi\u00f3n<\/h2>\n                  <\/div>\n                <\/div>\n                <div data-colibri-id=\"206-c22\" class=\"h-text h-text-component style-341 style-local-206-c22 position-relative h-element\">\n                  <!---->\n                  <!---->\n                  <div class=\"\">\n                    <p><strong style=\"font-weight: 700;\">Organiza<\/strong>: Hermandad Sacramental de Santa Marta y de la Sagrada Cena.<\/p>\n                    <p><strong style=\"font-weight: 700;\">Lugar de salida y hora<\/strong>: Iglesia de San Marcelo, a las 20:30 horas.<\/p>\n                    <p><strong style=\"font-weight: 700;\">Itinerario<\/strong>: Iglesia de San Marcelo, plaza de San Marcelo, Ruiz de Salazar, Pilotos Regueral, Cid, plaza de San Isidoro, Descalzos, Corral de San Guis\u00e1n, Serranos, San Pelayo, Pablo Fl\u00f3rez,\n                      plaza de Regla, Ancha, plaza de San Marcelo e Iglesia de San Marcelo.<\/p>\n                    <p>\n                      <br>\n                    <\/p>\n                  <\/div>\n                <\/div>\n              <\/div>\n            <\/div>\n          <\/div>\n        <\/div>\n      <\/div>\n    <\/div>\n  <\/div>\n  <div data-colibri-component=\"section\" data-colibri-id=\"206-c23\" id=\"about-3\" class=\"h-section h-section-global-spacing d-flex align-items-lg-center align-items-md-center align-items-center style-342 style-local-206-c23 position-relative\">\n    <!---->\n    <!---->\n    <div class=\"h-section-grid-container h-section-boxed-container\">\n      <!---->\n      <div data-colibri-id=\"206-c24\" class=\"h-row-container gutters-row-lg-0 gutters-row-md-0 gutters-row-0 gutters-row-v-lg-0 gutters-row-v-md-0 gutters-row-v-0 style-343 style-local-206-c24 position-relative\">\n        <!---->\n        <div class=\"h-row justify-content-lg-center justify-content-md-center justify-content-center align-items-lg-stretch align-items-md-stretch align-items-stretch gutters-col-lg-0 gutters-col-md-0 gutters-col-0 gutters-col-v-lg-0 gutters-col-v-md-0 gutters-col-v-0\">\n          <!---->\n          <div class=\"h-column h-column-container d-flex h-col-lg-auto h-col-md-auto h-col-auto style-344-outer style-local-206-c25-outer\">\n            <div data-colibri-id=\"206-c25\" class=\"d-flex h-flex-basis h-column__inner h-px-lg-0 h-px-md-0 h-px-0 v-inner-lg-0 v-inner-md-0 v-inner-0 style-344 style-local-206-c25 position-relative\">\n              <!---->\n              <!---->\n              <div class=\"w-100 h-y-container h-column__content h-column__v-align flex-basis-100 align-self-lg-start align-self-md-start align-self-start\">\n                <!---->\n                <div data-colibri-id=\"206-c26\" class=\"h-global-transition-all h-heading style-345 style-local-206-c26 position-relative h-element\">\n                  <!---->\n                  <div class=\"h-heading__outer style-345 style-local-206-c26\">\n                    <!---->\n                    <!---->\n                    <h5 class=\"\">22:00h.<\/h5>\n                  <\/div>\n                <\/div>\n                <div data-colibri-id=\"206-c27\" class=\"h-global-transition-all h-heading style-346 style-local-206-c27 position-relative h-element\">\n                  <!---->\n                  <div class=\"h-heading__outer style-346 style-local-206-c27\">\n                    <!---->\n                    <!---->\n                    <h2 class=\"\">Solemne Adoraci\u00f3n Procesional de las Llagas de Cristo<\/h2>\n                  <\/div>\n                <\/div>\n                <div data-colibri-id=\"206-c28\" class=\"h-text h-text-component style-347 style-local-206-c28 position-relative h-element\">\n                  <!---->\n                  <!---->\n                  <div class=\"\">\n                    <p><strong>Organiza<\/strong>: Cofrad\u00eda Santo Sepulcro \u2013 Esperanza de la Vida.<\/p>\n                    <p><strong style=\"font-weight: 700;\">Lugar y hora de salida<\/strong>: Convento de las RR.MM. Concepcionistas, a las 22:00 horas.<\/p>\n                    <p><strong style=\"font-weight: 700;\">Itinerario<\/strong>:Del interior del Convento de las RR. MM. Concepcionistas, plaza de las Concepciones, Fern\u00e1ndez Cad\u00f3rniga (rezo 1\u00aa Llaga), plaza Don Gutierre, Zapater\u00edas, Plaza San Mart\u00edn (rezo\n                      2\u00aa Llaga), Juan de Arfe, Cofrad\u00eda Ntra. Sra. de las Angustias y Soledad, La Redenci\u00f3n, Cuesta de las Carbajalas (rezo 3\u00aa Llaga frente al Convento de las RR. MM. Benedictinas de Santa Mar\u00eda de Carbajal), plaza Santa Mar\u00eda del Camino\n                      (del Grano), Escurial, Herreros (rezo 4\u00aa Llaga frente a la Iglesia de Nuestra Se\u00f1ora del Mercado), plaza de las Concepciones (rezo 5\u00aa Llaga a la puerta del Convento de las RR. MM. Concepcionistas). Posteriormente, la procesi\u00f3n avanza\n                      hacia el interior del templo.<\/p>\n                  <\/div>\n                <\/div>\n              <\/div>\n            <\/div>\n          <\/div>\n          <div class=\"h-column h-column-container d-flex h-col-lg-auto h-col-md-auto h-col-auto style-348-outer style-local-206-c29-outer\">\n            <div data-colibri-id=\"206-c29\" class=\"d-flex h-flex-basis h-column__inner h-ui-empty-state-container h-px-lg-2 h-px-md-2 h-px-2 v-inner-lg-2 v-inner-md-2 v-inner-2 style-348 style-local-206-c29 position-relative\">\n              <!---->\n              <!---->\n              <div class=\"w-100 h-y-container h-column__content h-column__v-align flex-basis-100\">\n                <!---->\n              <\/div>\n            <\/div>\n          <\/div>\n        <\/div>\n      <\/div>\n    <\/div>\n  <\/div>\n<\/div>","protected":false},"excerpt":{"rendered":"<p>20:00h. PROCESI\u00d3N DE La pasi\u00f3n Organiza: Cofrad\u00eda de Nuestra Se\u00f1ora de las Angustias y Soledad, Cofrad\u00eda del Dulce Nombre de Jes\u00fas Nazareno y Real Cofrad\u00eda del Sant\u00edsimo Sacramento de Minerva y la Santa Vera Cruz. Lugar de salida y hora: Capilla de Santa Nonia, a las 20:00 horas. Itinerario:&nbsp;Capilla de Santa Nonia, Cofrad\u00eda Dulce Nombre [&hellip;]<\/p>\n","protected":false},"author":1,"featured_media":0,"parent":0,"menu_order":0,"comment_status":"closed","ping_status":"closed","template":"page-templates\/full-width-page.php","meta":{"footnotes":""},"class_list":["post-206","page","type-page","status-publish","hentry"],"_links":{"self":[{"href":"https:\/\/semanasantadeleon.com\/Nuevo\/semanasanta\/wp-json\/wp\/v2\/pages\/206","targetHints":{"allow":["GET"]}}],"collection":[{"href":"https:\/\/semanasantadeleon.com\/Nuevo\/semanasanta\/wp-json\/wp\/v2\/pages"}],"about":[{"href":"https:\/\/semanasantadeleon.com\/Nuevo\/semanasanta\/wp-json\/wp\/v2\/types\/page"}],"author":[{"embeddable":true,"href":"https:\/\/semanasantadeleon.com\/Nuevo\/semanasanta\/wp-json\/wp\/v2\/users\/1"}],"replies":[{"embeddable":true,"href":"https:\/\/semanasantadeleon.com\/Nuevo\/semanasanta\/wp-json\/wp\/v2\/comments?post=206"}],"version-history":[{"count":15,"href":"https:\/\/semanasantadeleon.com\/Nuevo\/semanasanta\/wp-json\/wp\/v2\/pages\/206\/revisions"}],"predecessor-version":[{"id":3012,"href":"https:\/\/semanasantadeleon.com\/Nuevo\/semanasanta\/wp-json\/wp\/v2\/pages\/206\/revisions\/3012"}],"wp:attachment":[{"href":"https:\/\/semanasantadeleon.com\/Nuevo\/semanasanta\/wp-json\/wp\/v2\/media?parent=206"}],"curies":[{"name":"wp","href":"https:\/\/api.w.org\/{rel}","templated":true}]}}