{"id":1243,"date":"2023-03-28T10:37:34","date_gmt":"2023-03-28T10:37:34","guid":{"rendered":"https:\/\/semanasantadeleon.com\/Nuevo\/semanasanta\/?page_id=1243"},"modified":"2023-03-31T16:59:39","modified_gmt":"2023-03-31T16:59:39","slug":"jueves-santo","status":"publish","type":"page","link":"https:\/\/semanasantadeleon.com\/Nuevo\/semanasanta\/jueves-santo\/","title":{"rendered":"Jueves Santo"},"content":{"rendered":"\n<figure class=\"wp-block-gallery has-nested-images columns-default is-cropped wp-block-gallery-1 is-layout-flex wp-block-gallery-is-layout-flex\">\n<figure class=\"wp-block-image size-large\"><img loading=\"lazy\" decoding=\"async\" width=\"900\" height=\"598\" data-id=\"1249\" src=\"https:\/\/semanasantadeleon.com\/Nuevo\/semanasanta\/wp-content\/uploads\/2023\/03\/santo_cristo_de_la_bienaventuranza_1_20140405_1019644577.jpg\" alt=\"Procesi\u00f3n de las Bienaventuranzas\" class=\"wp-image-1249\" srcset=\"https:\/\/semanasantadeleon.com\/Nuevo\/semanasanta\/wp-content\/uploads\/2023\/03\/santo_cristo_de_la_bienaventuranza_1_20140405_1019644577.jpg 900w, https:\/\/semanasantadeleon.com\/Nuevo\/semanasanta\/wp-content\/uploads\/2023\/03\/santo_cristo_de_la_bienaventuranza_1_20140405_1019644577-300x199.jpg 300w, https:\/\/semanasantadeleon.com\/Nuevo\/semanasanta\/wp-content\/uploads\/2023\/03\/santo_cristo_de_la_bienaventuranza_1_20140405_1019644577-768x510.jpg 768w\" sizes=\"auto, (max-width: 900px) 100vw, 900px\" \/><figcaption class=\"wp-element-caption\"><strong>Santo Cristo de la BIenaventuranza<\/strong><\/figcaption><\/figure>\n\n\n\n<figure class=\"wp-block-image size-large\"><img loading=\"lazy\" decoding=\"async\" width=\"900\" height=\"598\" data-id=\"1256\" src=\"https:\/\/semanasantadeleon.com\/Nuevo\/semanasanta\/wp-content\/uploads\/2023\/03\/santo_cristo_de_la_bienaventuranza_2_20140405_1936097539.jpg\" alt=\"Procesi\u00f3n de las Bienaventuranzas. Santo Cristo de la BIenaventuranza\" class=\"wp-image-1256\" srcset=\"https:\/\/semanasantadeleon.com\/Nuevo\/semanasanta\/wp-content\/uploads\/2023\/03\/santo_cristo_de_la_bienaventuranza_2_20140405_1936097539.jpg 900w, https:\/\/semanasantadeleon.com\/Nuevo\/semanasanta\/wp-content\/uploads\/2023\/03\/santo_cristo_de_la_bienaventuranza_2_20140405_1936097539-300x199.jpg 300w, https:\/\/semanasantadeleon.com\/Nuevo\/semanasanta\/wp-content\/uploads\/2023\/03\/santo_cristo_de_la_bienaventuranza_2_20140405_1936097539-768x510.jpg 768w\" sizes=\"auto, (max-width: 900px) 100vw, 900px\" \/><figcaption class=\"wp-element-caption\"><strong>Santo Cristo de la BIenaventuranza<\/strong><\/figcaption><\/figure>\n\n\n\n<figure class=\"wp-block-image size-large\"><img loading=\"lazy\" decoding=\"async\" width=\"900\" height=\"598\" data-id=\"1266\" src=\"https:\/\/semanasantadeleon.com\/Nuevo\/semanasanta\/wp-content\/uploads\/2023\/03\/virgen_de_la_pasion_1_20140418_1130271054.jpg\" alt=\"Procesi\u00f3n de las Bienaventuranzas. Virgen de la Pasi\u00f3n\" class=\"wp-image-1266\" srcset=\"https:\/\/semanasantadeleon.com\/Nuevo\/semanasanta\/wp-content\/uploads\/2023\/03\/virgen_de_la_pasion_1_20140418_1130271054.jpg 900w, https:\/\/semanasantadeleon.com\/Nuevo\/semanasanta\/wp-content\/uploads\/2023\/03\/virgen_de_la_pasion_1_20140418_1130271054-300x199.jpg 300w, https:\/\/semanasantadeleon.com\/Nuevo\/semanasanta\/wp-content\/uploads\/2023\/03\/virgen_de_la_pasion_1_20140418_1130271054-768x510.jpg 768w\" sizes=\"auto, (max-width: 900px) 100vw, 900px\" \/><figcaption class=\"wp-element-caption\"><strong>Virgen de la Pasi\u00f3n<\/strong><\/figcaption><\/figure>\n\n\n\n<figure class=\"wp-block-image size-large\"><img loading=\"lazy\" decoding=\"async\" width=\"531\" height=\"800\" data-id=\"1261\" src=\"https:\/\/semanasantadeleon.com\/Nuevo\/semanasanta\/wp-content\/uploads\/2023\/03\/virgen_de_la_pasion_2_20140418_2060563491.jpg\" alt=\"Procesi\u00f3n de las Bienaventuranzas. Virgen de la Pasi\u00f3n\" class=\"wp-image-1261\" srcset=\"https:\/\/semanasantadeleon.com\/Nuevo\/semanasanta\/wp-content\/uploads\/2023\/03\/virgen_de_la_pasion_2_20140418_2060563491.jpg 531w, https:\/\/semanasantadeleon.com\/Nuevo\/semanasanta\/wp-content\/uploads\/2023\/03\/virgen_de_la_pasion_2_20140418_2060563491-199x300.jpg 199w\" sizes=\"auto, (max-width: 531px) 100vw, 531px\" \/><figcaption class=\"wp-element-caption\"><strong>Virgen de la Pasi\u00f3n<\/strong><\/figcaption><\/figure>\n\n\n\n<figure class=\"wp-block-image size-large\"><img loading=\"lazy\" decoding=\"async\" width=\"900\" height=\"598\" data-id=\"1265\" src=\"https:\/\/semanasantadeleon.com\/Nuevo\/semanasanta\/wp-content\/uploads\/2023\/03\/virgen_de_la_pasion_3_20140418_2007798973.jpg\" alt=\"Procesi\u00f3n de las Bienaventuranzas. Virgen de la Pasi\u00f3n\" class=\"wp-image-1265\" srcset=\"https:\/\/semanasantadeleon.com\/Nuevo\/semanasanta\/wp-content\/uploads\/2023\/03\/virgen_de_la_pasion_3_20140418_2007798973.jpg 900w, https:\/\/semanasantadeleon.com\/Nuevo\/semanasanta\/wp-content\/uploads\/2023\/03\/virgen_de_la_pasion_3_20140418_2007798973-300x199.jpg 300w, https:\/\/semanasantadeleon.com\/Nuevo\/semanasanta\/wp-content\/uploads\/2023\/03\/virgen_de_la_pasion_3_20140418_2007798973-768x510.jpg 768w\" sizes=\"auto, (max-width: 900px) 100vw, 900px\" \/><figcaption class=\"wp-element-caption\"><strong>Virgen de la Pasi\u00f3n<\/strong><\/figcaption><\/figure>\n\n\n\n<figure class=\"wp-block-image size-large\"><img loading=\"lazy\" decoding=\"async\" width=\"531\" height=\"800\" data-id=\"1264\" src=\"https:\/\/semanasantadeleon.com\/Nuevo\/semanasanta\/wp-content\/uploads\/2023\/03\/virgen_de_la_pasion_4_20140418_1184069993.jpg\" alt=\"Procesi\u00f3n de las Bienaventuranzas. Virgen de la Pasi\u00f3n\" class=\"wp-image-1264\" srcset=\"https:\/\/semanasantadeleon.com\/Nuevo\/semanasanta\/wp-content\/uploads\/2023\/03\/virgen_de_la_pasion_4_20140418_1184069993.jpg 531w, https:\/\/semanasantadeleon.com\/Nuevo\/semanasanta\/wp-content\/uploads\/2023\/03\/virgen_de_la_pasion_4_20140418_1184069993-199x300.jpg 199w\" sizes=\"auto, (max-width: 531px) 100vw, 531px\" \/><figcaption class=\"wp-element-caption\"><strong>Virgen de la Pasi\u00f3n<\/strong><\/figcaption><\/figure>\n\n\n\n<figure class=\"wp-block-image size-large\"><img loading=\"lazy\" decoding=\"async\" width=\"900\" height=\"598\" data-id=\"1254\" src=\"https:\/\/semanasantadeleon.com\/Nuevo\/semanasanta\/wp-content\/uploads\/2023\/03\/nuestra_madre_de_la_piedad_1_20140418_1180604720.jpg\" alt=\"Procesi\u00f3n de las Bienaventuranzas. Nuestra Madre de la Piedad\" class=\"wp-image-1254\" srcset=\"https:\/\/semanasantadeleon.com\/Nuevo\/semanasanta\/wp-content\/uploads\/2023\/03\/nuestra_madre_de_la_piedad_1_20140418_1180604720.jpg 900w, https:\/\/semanasantadeleon.com\/Nuevo\/semanasanta\/wp-content\/uploads\/2023\/03\/nuestra_madre_de_la_piedad_1_20140418_1180604720-300x199.jpg 300w, https:\/\/semanasantadeleon.com\/Nuevo\/semanasanta\/wp-content\/uploads\/2023\/03\/nuestra_madre_de_la_piedad_1_20140418_1180604720-768x510.jpg 768w\" sizes=\"auto, (max-width: 900px) 100vw, 900px\" \/><figcaption class=\"wp-element-caption\"><strong>Nuestra Madre de la Piedad<\/strong><\/figcaption><\/figure>\n\n\n\n<figure class=\"wp-block-image size-full\"><img loading=\"lazy\" decoding=\"async\" width=\"900\" height=\"598\" data-id=\"1247\" src=\"https:\/\/semanasantadeleon.com\/Nuevo\/semanasanta\/wp-content\/uploads\/2023\/03\/nuestra_madre_de_la_piedad_2_20140418_1219982135.jpg\" alt=\"Procesi\u00f3n de las Bienaventuranzas. Nuestra Madre de la Piedad\" class=\"wp-image-1247\" srcset=\"https:\/\/semanasantadeleon.com\/Nuevo\/semanasanta\/wp-content\/uploads\/2023\/03\/nuestra_madre_de_la_piedad_2_20140418_1219982135.jpg 900w, https:\/\/semanasantadeleon.com\/Nuevo\/semanasanta\/wp-content\/uploads\/2023\/03\/nuestra_madre_de_la_piedad_2_20140418_1219982135-300x199.jpg 300w, https:\/\/semanasantadeleon.com\/Nuevo\/semanasanta\/wp-content\/uploads\/2023\/03\/nuestra_madre_de_la_piedad_2_20140418_1219982135-768x510.jpg 768w\" sizes=\"auto, (max-width: 900px) 100vw, 900px\" \/><figcaption class=\"wp-element-caption\"><strong>Nuestra Madre de la Piedad<\/strong><\/figcaption><\/figure>\n\n\n\n<figure class=\"wp-block-image size-large\"><img loading=\"lazy\" decoding=\"async\" width=\"900\" height=\"598\" data-id=\"1251\" src=\"https:\/\/semanasantadeleon.com\/Nuevo\/semanasanta\/wp-content\/uploads\/2023\/03\/nuestro_padre_jesus_nazareno_1_20140418_1876216153.jpg\" alt=\"Procesi\u00f3n de las Bienaventuranzas. Nuestro Se\u00f1or Jes\u00fas Nazareno\" class=\"wp-image-1251\" srcset=\"https:\/\/semanasantadeleon.com\/Nuevo\/semanasanta\/wp-content\/uploads\/2023\/03\/nuestro_padre_jesus_nazareno_1_20140418_1876216153.jpg 900w, https:\/\/semanasantadeleon.com\/Nuevo\/semanasanta\/wp-content\/uploads\/2023\/03\/nuestro_padre_jesus_nazareno_1_20140418_1876216153-300x199.jpg 300w, https:\/\/semanasantadeleon.com\/Nuevo\/semanasanta\/wp-content\/uploads\/2023\/03\/nuestro_padre_jesus_nazareno_1_20140418_1876216153-768x510.jpg 768w\" sizes=\"auto, (max-width: 900px) 100vw, 900px\" \/><figcaption class=\"wp-element-caption\"><strong>Nuestro Se\u00f1or Jes\u00fas Nazareno<\/strong><\/figcaption><\/figure>\n\n\n\n<figure class=\"wp-block-image size-large\"><img loading=\"lazy\" decoding=\"async\" width=\"900\" height=\"598\" data-id=\"1244\" src=\"https:\/\/semanasantadeleon.com\/Nuevo\/semanasanta\/wp-content\/uploads\/2023\/03\/nuestro_padre_jesus_nazareno_2_20140418_1048272892.jpg\" alt=\"Procesi\u00f3n de las Bienaventuranzas. Nuestro Se\u00f1or Jes\u00fas Nazareno.\" class=\"wp-image-1244\" srcset=\"https:\/\/semanasantadeleon.com\/Nuevo\/semanasanta\/wp-content\/uploads\/2023\/03\/nuestro_padre_jesus_nazareno_2_20140418_1048272892.jpg 900w, https:\/\/semanasantadeleon.com\/Nuevo\/semanasanta\/wp-content\/uploads\/2023\/03\/nuestro_padre_jesus_nazareno_2_20140418_1048272892-300x199.jpg 300w, https:\/\/semanasantadeleon.com\/Nuevo\/semanasanta\/wp-content\/uploads\/2023\/03\/nuestro_padre_jesus_nazareno_2_20140418_1048272892-768x510.jpg 768w\" sizes=\"auto, (max-width: 900px) 100vw, 900px\" \/><figcaption class=\"wp-element-caption\"><strong>Nuestro Se\u00f1or Jes\u00fas Nazareno<\/strong><\/figcaption><\/figure>\n\n\n\n<figure class=\"wp-block-image size-large\"><img loading=\"lazy\" decoding=\"async\" width=\"900\" height=\"598\" data-id=\"1257\" src=\"https:\/\/semanasantadeleon.com\/Nuevo\/semanasanta\/wp-content\/uploads\/2023\/03\/nuestro_padre_jesus_nazareno_3_20140418_1873497650.jpg\" alt=\"Procesi\u00f3n de las Bienaventuranzas. Nuestro Se\u00f1or Jes\u00fas Nazareno\" class=\"wp-image-1257\" srcset=\"https:\/\/semanasantadeleon.com\/Nuevo\/semanasanta\/wp-content\/uploads\/2023\/03\/nuestro_padre_jesus_nazareno_3_20140418_1873497650.jpg 900w, https:\/\/semanasantadeleon.com\/Nuevo\/semanasanta\/wp-content\/uploads\/2023\/03\/nuestro_padre_jesus_nazareno_3_20140418_1873497650-300x199.jpg 300w, https:\/\/semanasantadeleon.com\/Nuevo\/semanasanta\/wp-content\/uploads\/2023\/03\/nuestro_padre_jesus_nazareno_3_20140418_1873497650-768x510.jpg 768w\" sizes=\"auto, (max-width: 900px) 100vw, 900px\" \/><figcaption class=\"wp-element-caption\"><strong>Nuestro Se\u00f1or Jes\u00fas Nazareno<\/strong><\/figcaption><\/figure>\n\n\n\n<figure class=\"wp-block-image size-large\"><img loading=\"lazy\" decoding=\"async\" width=\"900\" height=\"598\" data-id=\"1259\" src=\"https:\/\/semanasantadeleon.com\/Nuevo\/semanasanta\/wp-content\/uploads\/2023\/03\/la_santa_cruz_1_20140418_1249131548.jpg\" alt=\"Procesi\u00f3n de las Bienaventuranzas. La Santa Cruz\" class=\"wp-image-1259\" srcset=\"https:\/\/semanasantadeleon.com\/Nuevo\/semanasanta\/wp-content\/uploads\/2023\/03\/la_santa_cruz_1_20140418_1249131548.jpg 900w, https:\/\/semanasantadeleon.com\/Nuevo\/semanasanta\/wp-content\/uploads\/2023\/03\/la_santa_cruz_1_20140418_1249131548-300x199.jpg 300w, https:\/\/semanasantadeleon.com\/Nuevo\/semanasanta\/wp-content\/uploads\/2023\/03\/la_santa_cruz_1_20140418_1249131548-768x510.jpg 768w\" sizes=\"auto, (max-width: 900px) 100vw, 900px\" \/><figcaption class=\"wp-element-caption\"><strong>La Santa Cruz<\/strong><\/figcaption><\/figure>\n\n\n\n<figure class=\"wp-block-image size-large\"><img loading=\"lazy\" decoding=\"async\" width=\"900\" height=\"598\" data-id=\"1262\" src=\"https:\/\/semanasantadeleon.com\/Nuevo\/semanasanta\/wp-content\/uploads\/2023\/03\/la_santa_cruz_1_20140418_1392498160.jpg\" alt=\"Procesi\u00f3n de las Bienaventuranzas. La Santa Cruz\" class=\"wp-image-1262\" srcset=\"https:\/\/semanasantadeleon.com\/Nuevo\/semanasanta\/wp-content\/uploads\/2023\/03\/la_santa_cruz_1_20140418_1392498160.jpg 900w, https:\/\/semanasantadeleon.com\/Nuevo\/semanasanta\/wp-content\/uploads\/2023\/03\/la_santa_cruz_1_20140418_1392498160-300x199.jpg 300w, https:\/\/semanasantadeleon.com\/Nuevo\/semanasanta\/wp-content\/uploads\/2023\/03\/la_santa_cruz_1_20140418_1392498160-768x510.jpg 768w\" sizes=\"auto, (max-width: 900px) 100vw, 900px\" \/><figcaption class=\"wp-element-caption\"><strong>La Santa Cruz<\/strong><\/figcaption><\/figure>\n\n\n\n<figure class=\"wp-block-image size-large\"><img loading=\"lazy\" decoding=\"async\" width=\"900\" height=\"599\" data-id=\"1263\" src=\"https:\/\/semanasantadeleon.com\/Nuevo\/semanasanta\/wp-content\/uploads\/2023\/03\/virgen_del_camino_1_20140405_1469327818.jpg\" alt=\"Procesi\u00f3n Mar\u00eda al pie de la Cruz, Camino de la Esperanza\" class=\"wp-image-1263\" srcset=\"https:\/\/semanasantadeleon.com\/Nuevo\/semanasanta\/wp-content\/uploads\/2023\/03\/virgen_del_camino_1_20140405_1469327818.jpg 900w, https:\/\/semanasantadeleon.com\/Nuevo\/semanasanta\/wp-content\/uploads\/2023\/03\/virgen_del_camino_1_20140405_1469327818-300x200.jpg 300w, https:\/\/semanasantadeleon.com\/Nuevo\/semanasanta\/wp-content\/uploads\/2023\/03\/virgen_del_camino_1_20140405_1469327818-768x511.jpg 768w\" sizes=\"auto, (max-width: 900px) 100vw, 900px\" \/><figcaption class=\"wp-element-caption\"><strong>Virgen del Camino<\/strong><\/figcaption><\/figure>\n\n\n\n<figure class=\"wp-block-image size-large\"><img loading=\"lazy\" decoding=\"async\" width=\"702\" height=\"800\" data-id=\"1267\" src=\"https:\/\/semanasantadeleon.com\/Nuevo\/semanasanta\/wp-content\/uploads\/2023\/03\/virgen_del_camino_2_20140405_2050281424.jpg\" alt=\"Procesi\u00f3n Mar\u00eda al pie de la Cruz, Camino de la Esperanza\" class=\"wp-image-1267\" srcset=\"https:\/\/semanasantadeleon.com\/Nuevo\/semanasanta\/wp-content\/uploads\/2023\/03\/virgen_del_camino_2_20140405_2050281424.jpg 702w, https:\/\/semanasantadeleon.com\/Nuevo\/semanasanta\/wp-content\/uploads\/2023\/03\/virgen_del_camino_2_20140405_2050281424-263x300.jpg 263w\" sizes=\"auto, (max-width: 702px) 100vw, 702px\" \/><figcaption class=\"wp-element-caption\"><strong>Virgen del Camino<\/strong><\/figcaption><\/figure>\n\n\n\n<figure class=\"wp-block-image size-large\"><img loading=\"lazy\" decoding=\"async\" width=\"1024\" height=\"699\" data-id=\"1258\" src=\"https:\/\/semanasantadeleon.com\/Nuevo\/semanasanta\/wp-content\/uploads\/2023\/03\/la_ronda_1_20140403_1898074279-1024x699.jpg\" alt=\"La Ronda\" class=\"wp-image-1258\" srcset=\"https:\/\/semanasantadeleon.com\/Nuevo\/semanasanta\/wp-content\/uploads\/2023\/03\/la_ronda_1_20140403_1898074279-1024x699.jpg 1024w, https:\/\/semanasantadeleon.com\/Nuevo\/semanasanta\/wp-content\/uploads\/2023\/03\/la_ronda_1_20140403_1898074279-300x205.jpg 300w, https:\/\/semanasantadeleon.com\/Nuevo\/semanasanta\/wp-content\/uploads\/2023\/03\/la_ronda_1_20140403_1898074279-768x525.jpg 768w, https:\/\/semanasantadeleon.com\/Nuevo\/semanasanta\/wp-content\/uploads\/2023\/03\/la_ronda_1_20140403_1898074279.jpg 1079w\" sizes=\"auto, (max-width: 1024px) 100vw, 1024px\" \/><figcaption class=\"wp-element-caption\">La Ronda<\/figcaption><\/figure>\n\n\n\n<figure class=\"wp-block-image size-large\"><img loading=\"lazy\" decoding=\"async\" width=\"737\" height=\"500\" data-id=\"1260\" src=\"https:\/\/semanasantadeleon.com\/Nuevo\/semanasanta\/wp-content\/uploads\/2023\/03\/la_ronda_2_20140403_1436202513.jpg\" alt=\"La Ronda\" class=\"wp-image-1260\" srcset=\"https:\/\/semanasantadeleon.com\/Nuevo\/semanasanta\/wp-content\/uploads\/2023\/03\/la_ronda_2_20140403_1436202513.jpg 737w, https:\/\/semanasantadeleon.com\/Nuevo\/semanasanta\/wp-content\/uploads\/2023\/03\/la_ronda_2_20140403_1436202513-300x204.jpg 300w\" sizes=\"auto, (max-width: 737px) 100vw, 737px\" \/><figcaption class=\"wp-element-caption\">La Ronda<\/figcaption><\/figure>\n\n\n\n<figure class=\"wp-block-image size-large\"><img decoding=\"async\" data-id=\"1253\" src=\"https:\/\/semanasantadeleon.com\/Nuevo\/semanasanta\/wp-content\/uploads\/2023\/03\/pregon_a_caballo_1_20140403_2096048333-1.jpg\" alt=\"Preg\u00f3n a caballo. Siete Palabras\" class=\"wp-image-1253\"\/><figcaption class=\"wp-element-caption\">Preg\u00f3n a caballo. Siete Palabras<\/figcaption><\/figure>\n\n\n\n<figure class=\"wp-block-image size-large\"><img loading=\"lazy\" decoding=\"async\" width=\"900\" height=\"598\" data-id=\"1252\" src=\"https:\/\/semanasantadeleon.com\/Nuevo\/semanasanta\/wp-content\/uploads\/2023\/03\/pregon_a_caballo_1_20140404_1641246732-1.jpg\" alt=\"Preg\u00f3n a caballo. Siete Palabras\" class=\"wp-image-1252\" srcset=\"https:\/\/semanasantadeleon.com\/Nuevo\/semanasanta\/wp-content\/uploads\/2023\/03\/pregon_a_caballo_1_20140404_1641246732-1.jpg 900w, https:\/\/semanasantadeleon.com\/Nuevo\/semanasanta\/wp-content\/uploads\/2023\/03\/pregon_a_caballo_1_20140404_1641246732-1-300x199.jpg 300w, https:\/\/semanasantadeleon.com\/Nuevo\/semanasanta\/wp-content\/uploads\/2023\/03\/pregon_a_caballo_1_20140404_1641246732-1-768x510.jpg 768w\" sizes=\"auto, (max-width: 900px) 100vw, 900px\" \/><figcaption class=\"wp-element-caption\">Preg\u00f3n a caballo. Siete Palabras<\/figcaption><\/figure>\n\n\n\n<figure class=\"wp-block-image size-large\"><img loading=\"lazy\" decoding=\"async\" width=\"900\" height=\"599\" data-id=\"1255\" src=\"https:\/\/semanasantadeleon.com\/Nuevo\/semanasanta\/wp-content\/uploads\/2023\/03\/procesion_de_la_santa_cena_1_20140401_1945262300.jpg\" alt=\"Procesi\u00f3n de la Sagrada Cena. Procesi\u00f3n de la Santa Cena\" class=\"wp-image-1255\" srcset=\"https:\/\/semanasantadeleon.com\/Nuevo\/semanasanta\/wp-content\/uploads\/2023\/03\/procesion_de_la_santa_cena_1_20140401_1945262300.jpg 900w, https:\/\/semanasantadeleon.com\/Nuevo\/semanasanta\/wp-content\/uploads\/2023\/03\/procesion_de_la_santa_cena_1_20140401_1945262300-300x200.jpg 300w, https:\/\/semanasantadeleon.com\/Nuevo\/semanasanta\/wp-content\/uploads\/2023\/03\/procesion_de_la_santa_cena_1_20140401_1945262300-768x511.jpg 768w\" sizes=\"auto, (max-width: 900px) 100vw, 900px\" \/><figcaption class=\"wp-element-caption\"><strong>Procesi\u00f3n de la Santa Cena<\/strong><\/figcaption><\/figure>\n\n\n\n<figure class=\"wp-block-image size-large\"><img loading=\"lazy\" decoding=\"async\" width=\"900\" height=\"675\" data-id=\"1245\" src=\"https:\/\/semanasantadeleon.com\/Nuevo\/semanasanta\/wp-content\/uploads\/2023\/03\/la_uncion_de_betania_1_20140402_1221366499.jpg\" alt=\"Procesi\u00f3n de la Sagrada Cena. La Unci\u00f3n de Betania\" class=\"wp-image-1245\" srcset=\"https:\/\/semanasantadeleon.com\/Nuevo\/semanasanta\/wp-content\/uploads\/2023\/03\/la_uncion_de_betania_1_20140402_1221366499.jpg 900w, https:\/\/semanasantadeleon.com\/Nuevo\/semanasanta\/wp-content\/uploads\/2023\/03\/la_uncion_de_betania_1_20140402_1221366499-300x225.jpg 300w, https:\/\/semanasantadeleon.com\/Nuevo\/semanasanta\/wp-content\/uploads\/2023\/03\/la_uncion_de_betania_1_20140402_1221366499-768x576.jpg 768w\" sizes=\"auto, (max-width: 900px) 100vw, 900px\" \/><figcaption class=\"wp-element-caption\"><strong>La Unci\u00f3n de Betania<\/strong><\/figcaption><\/figure>\n\n\n\n<figure class=\"wp-block-image size-large\"><img loading=\"lazy\" decoding=\"async\" width=\"900\" height=\"675\" data-id=\"1248\" src=\"https:\/\/semanasantadeleon.com\/Nuevo\/semanasanta\/wp-content\/uploads\/2023\/03\/lavatorio_1_20140402_1000304433.jpg\" alt=\"Procesi\u00f3n de la Sagrada Cena. Lavatorio\" class=\"wp-image-1248\" srcset=\"https:\/\/semanasantadeleon.com\/Nuevo\/semanasanta\/wp-content\/uploads\/2023\/03\/lavatorio_1_20140402_1000304433.jpg 900w, https:\/\/semanasantadeleon.com\/Nuevo\/semanasanta\/wp-content\/uploads\/2023\/03\/lavatorio_1_20140402_1000304433-300x225.jpg 300w, https:\/\/semanasantadeleon.com\/Nuevo\/semanasanta\/wp-content\/uploads\/2023\/03\/lavatorio_1_20140402_1000304433-768x576.jpg 768w\" sizes=\"auto, (max-width: 900px) 100vw, 900px\" \/><figcaption class=\"wp-element-caption\"><strong>Lavatorio<\/strong><\/figcaption><\/figure>\n\n\n\n<figure class=\"wp-block-image size-large\"><img loading=\"lazy\" decoding=\"async\" width=\"900\" height=\"675\" data-id=\"1246\" src=\"https:\/\/semanasantadeleon.com\/Nuevo\/semanasanta\/wp-content\/uploads\/2023\/03\/casa_de_betania_1_20140402_1239241816.jpg\" alt=\"Procesi\u00f3n de la Sagrada Cena. Casa de Betania. \" class=\"wp-image-1246\" srcset=\"https:\/\/semanasantadeleon.com\/Nuevo\/semanasanta\/wp-content\/uploads\/2023\/03\/casa_de_betania_1_20140402_1239241816.jpg 900w, https:\/\/semanasantadeleon.com\/Nuevo\/semanasanta\/wp-content\/uploads\/2023\/03\/casa_de_betania_1_20140402_1239241816-300x225.jpg 300w, https:\/\/semanasantadeleon.com\/Nuevo\/semanasanta\/wp-content\/uploads\/2023\/03\/casa_de_betania_1_20140402_1239241816-768x576.jpg 768w\" sizes=\"auto, (max-width: 900px) 100vw, 900px\" \/><figcaption class=\"wp-element-caption\"><strong>Casa de Betania<\/strong><\/figcaption><\/figure>\n<figcaption class=\"blocks-gallery-caption wp-element-caption\">Procesiones de Jueves Santo<\/figcaption><\/figure>\n\n\n\n<p><\/p>\n","protected":false},"excerpt":{"rendered":"","protected":false},"author":1,"featured_media":0,"parent":0,"menu_order":0,"comment_status":"closed","ping_status":"closed","template":"","meta":{"footnotes":""},"class_list":["post-1243","page","type-page","status-publish","hentry"],"_links":{"self":[{"href":"https:\/\/semanasantadeleon.com\/Nuevo\/semanasanta\/wp-json\/wp\/v2\/pages\/1243","targetHints":{"allow":["GET"]}}],"collection":[{"href":"https:\/\/semanasantadeleon.com\/Nuevo\/semanasanta\/wp-json\/wp\/v2\/pages"}],"about":[{"href":"https:\/\/semanasantadeleon.com\/Nuevo\/semanasanta\/wp-json\/wp\/v2\/types\/page"}],"author":[{"embeddable":true,"href":"https:\/\/semanasantadeleon.com\/Nuevo\/semanasanta\/wp-json\/wp\/v2\/users\/1"}],"replies":[{"embeddable":true,"href":"https:\/\/semanasantadeleon.com\/Nuevo\/semanasanta\/wp-json\/wp\/v2\/comments?post=1243"}],"version-history":[{"count":6,"href":"https:\/\/semanasantadeleon.com\/Nuevo\/semanasanta\/wp-json\/wp\/v2\/pages\/1243\/revisions"}],"predecessor-version":[{"id":1490,"href":"https:\/\/semanasantadeleon.com\/Nuevo\/semanasanta\/wp-json\/wp\/v2\/pages\/1243\/revisions\/1490"}],"wp:attachment":[{"href":"https:\/\/semanasantadeleon.com\/Nuevo\/semanasanta\/wp-json\/wp\/v2\/media?parent=1243"}],"curies":[{"name":"wp","href":"https:\/\/api.w.org\/{rel}","templated":true}]}}